{"id":1748,"date":"2025-10-22T19:07:27","date_gmt":"2025-10-22T16:07:27","guid":{"rendered":"https:\/\/pipraveski.ee\/?post_type=product&#038;p=1748"},"modified":"2026-04-17T11:33:06","modified_gmt":"2026-04-17T08:33:06","slug":"parlkuskuss-nat-maroko-900g","status":"publish","type":"product","link":"https:\/\/pipraveski.ee\/en\/product\/parlkuskuss-nat-maroko-900g\/","title":{"rendered":"Persimmon, nat. Morocco 900g"},"content":{"rendered":"<p>P\u00e4rlkuskussi v\u00f5ib serveerida nii k\u00fclmalt kui soojalt. Eriti h\u00e4sti sobib salatite sisse v\u00f5i hoopis liha\/k\u00f6\u00f6giviljade k\u00f5rvale.<\/p>\n<p><strong>Ingredients: <\/strong>NISUjahu.<br \/>\n<strong>Allergens:<\/strong> Gluteen.<\/p>\n<p><strong>Preparation:<\/strong>&nbsp;1L vett keema ajada ja 500g p\u00e4rlkuskuss lisada ning korraks keema lasta ning seej\u00e4rel temperatuur madalaks teha ning 8-10 minutit keeta. Kurnata l\u00e4bi s\u00f5ela toasooja veega ja tagasi potti panna ning lisada kas natuke oliivi\u00f5li v\u00f5i v\u00f5id ning \u00f5rnalt l\u00e4bi segada kuskussiga.<\/p>\n<p><strong>Nutrition information per 100g:<\/strong><br \/>\nEnergiasisaldus 1403kJ\/ 335kcal<br \/>\nRasvad 1,9 g,<br \/>\nmillest k\u00fcllastanud rasvhappeid 0,4 g<br \/>\nS\u00fcsivesikud 65g,<br \/>\nmillest suhkrud 1,7g,<br \/>\nValgud 13g,<br \/>\nSalt 0g.<\/p>\n<p><b>Country of origin:&nbsp;<\/b>Iisrael<\/p>\n<p><strong>Storage: <\/strong>Kuivas ja pimedas toatemperatuuril.<\/p>\n<p>\n&nbsp;<\/p>","protected":false},"excerpt":{"rendered":"<p>P\u00e4rlkuskussi v\u00f5ib serveerida nii k\u00fclmalt kui soojalt. Eriti h\u00e4sti sobib salatite sisse v\u00f5i hoopis liha\/k\u00f6\u00f6giviljade k\u00f5rvale. Koostisosad: NISUjahu. Allergeenid: Gluteen. Valmistamine:&nbsp;1L vett keema ajada ja 500g p\u00e4rlkuskuss lisada ning korraks keema lasta ning seej\u00e4rel temperatuur madalaks teha ning 8-10 minutit keeta. Kurnata l\u00e4bi s\u00f5ela toasooja veega ja tagasi potti panna ning lisada kas natuke oliivi\u00f5li [&hellip;]<\/p>\n","protected":false},"featured_media":1778,"template":"","meta":[],"product_brand":[],"product_cat":[319],"product_tag":[],"class_list":{"0":"post-1748","1":"product","2":"type-product","3":"status-publish","4":"has-post-thumbnail","6":"product_cat-laatsed-oad-terad","8":"first","9":"instock","10":"taxable","11":"shipping-taxable","12":"purchasable","13":"product-type-simple"},"_links":{"self":[{"href":"https:\/\/pipraveski.ee\/en\/wp-json\/wp\/v2\/product\/1748","targetHints":{"allow":["GET"]}}],"collection":[{"href":"https:\/\/pipraveski.ee\/en\/wp-json\/wp\/v2\/product"}],"about":[{"href":"https:\/\/pipraveski.ee\/en\/wp-json\/wp\/v2\/types\/product"}],"wp:featuredmedia":[{"embeddable":true,"href":"https:\/\/pipraveski.ee\/en\/wp-json\/wp\/v2\/media\/1778"}],"wp:attachment":[{"href":"https:\/\/pipraveski.ee\/en\/wp-json\/wp\/v2\/media?parent=1748"}],"wp:term":[{"taxonomy":"product_brand","embeddable":true,"href":"https:\/\/pipraveski.ee\/en\/wp-json\/wp\/v2\/product_brand?post=1748"},{"taxonomy":"product_cat","embeddable":true,"href":"https:\/\/pipraveski.ee\/en\/wp-json\/wp\/v2\/product_cat?post=1748"},{"taxonomy":"product_tag","embeddable":true,"href":"https:\/\/pipraveski.ee\/en\/wp-json\/wp\/v2\/product_tag?post=1748"}],"curies":[{"name":"wp","href":"https:\/\/api.w.org\/{rel}","templated":true}]}}