{"id":1746,"date":"2025-10-22T19:07:27","date_gmt":"2025-10-22T16:07:27","guid":{"rendered":"https:\/\/pipraveski.ee\/?post_type=product&#038;p=1746"},"modified":"2026-04-17T11:31:58","modified_gmt":"2026-04-17T08:31:58","slug":"roheline-habanero-kaste-la-costena-145ml","status":"publish","type":"product","link":"https:\/\/pipraveski.ee\/en\/product\/roheline-habanero-kaste-la-costena-145ml\/","title":{"rendered":"Roheline Habanero kaste, La Costena, 145ml"},"content":{"rendered":"<p><span style=\", sans-serif;font-size: 15px\">Puuviljane habanero maitse, milles \u00e4\u00e4dikas ei domineeri nii tugevalt kui tabasco kastmes &#8211; v\u00e4ga soovitatav!<br \/>\nKasutamine: La Costena roheline Habanero kaste on v\u00e4\u00e4rtuslik asendus tabasco kastmele, mis on tunduvalt kuumem ja mida saab kasutada universaalse maitseainena teie s\u00f6\u00f6gilauas.<\/p>\n<p><strong>Ingredients: <\/strong>Vesi, porgand, \u00e4\u00e4dikas, roheline habanero t\u0161illi, sibul, jooditud sool, k\u00fc\u00fcslauk.<\/span><\/p>\n<p><strong>Nutrition information per 100g:<\/strong><br \/>\nEnergiasisaldus 0 kJ \/ 0 kcal<br \/>\nFats 0,0g<br \/>\nK\u00fcllastunud rasvhapped 0,0g<br \/>\nS\u00fcsivesikud 0,0g<br \/>\nSugar 0,0g<br \/>\nProtein 0,0g<br \/>\nSool 2,0g<\/p>","protected":false},"excerpt":{"rendered":"<p>Puuviljane habanero maitse, milles \u00e4\u00e4dikas ei domineeri nii tugevalt kui tabasco kastmes &#8211; v\u00e4ga soovitatav! Kasutamine: La Costena roheline Habanero kaste on v\u00e4\u00e4rtuslik asendus tabasco kastmele, mis on tunduvalt kuumem ja mida saab kasutada universaalse maitseainena teie s\u00f6\u00f6gilauas. Koostisosad: Vesi, porgand, \u00e4\u00e4dikas, roheline habanero t\u0161illi, sibul, jooditud sool, k\u00fc\u00fcslauk. Toitumisalane teave 100g kohta: Energiasisaldus 0 [&hellip;]<\/p>\n","protected":false},"featured_media":1776,"template":"","meta":[],"product_brand":[],"product_cat":[317],"product_tag":[],"class_list":{"0":"post-1746","1":"product","2":"type-product","3":"status-publish","4":"has-post-thumbnail","6":"product_cat-kastmed-sinepid-tsatnid","8":"first","9":"outofstock","10":"taxable","11":"shipping-taxable","12":"purchasable","13":"product-type-simple"},"_links":{"self":[{"href":"https:\/\/pipraveski.ee\/en\/wp-json\/wp\/v2\/product\/1746","targetHints":{"allow":["GET"]}}],"collection":[{"href":"https:\/\/pipraveski.ee\/en\/wp-json\/wp\/v2\/product"}],"about":[{"href":"https:\/\/pipraveski.ee\/en\/wp-json\/wp\/v2\/types\/product"}],"wp:featuredmedia":[{"embeddable":true,"href":"https:\/\/pipraveski.ee\/en\/wp-json\/wp\/v2\/media\/1776"}],"wp:attachment":[{"href":"https:\/\/pipraveski.ee\/en\/wp-json\/wp\/v2\/media?parent=1746"}],"wp:term":[{"taxonomy":"product_brand","embeddable":true,"href":"https:\/\/pipraveski.ee\/en\/wp-json\/wp\/v2\/product_brand?post=1746"},{"taxonomy":"product_cat","embeddable":true,"href":"https:\/\/pipraveski.ee\/en\/wp-json\/wp\/v2\/product_cat?post=1746"},{"taxonomy":"product_tag","embeddable":true,"href":"https:\/\/pipraveski.ee\/en\/wp-json\/wp\/v2\/product_tag?post=1746"}],"curies":[{"name":"wp","href":"https:\/\/api.w.org\/{rel}","templated":true}]}}