{"id":1745,"date":"2025-10-22T19:07:27","date_gmt":"2025-10-22T16:07:27","guid":{"rendered":"https:\/\/pipraveski.ee\/?post_type=product&#038;p=1745"},"modified":"2026-04-17T11:33:00","modified_gmt":"2026-04-17T08:33:00","slug":"pulgakommid-habanero-ja-sidrunimaitselised-250g","status":"publish","type":"product","link":"https:\/\/pipraveski.ee\/en\/product\/pulgakommid-habanero-ja-sidrunimaitselised-250g\/","title":{"rendered":"Sticky chips, Habanero and lemon flavoured, 250g"},"content":{"rendered":"<div class=\"product--description\" style=\", sans-serif;font-size: 15px\">\n<p style=\"font-size: 0.975rem;line-height: 1.5rem;margin: 0rem 0rem 1.25rem\">V\u00e4rsked, sidrunised&nbsp;ja eriti kuuma maitsega&nbsp;pulgakommid.<br \/>\n<strong>Sisu:<\/strong>&nbsp;umbes 60 pulgakommi pakendis.<\/p>\n<\/div>\n<h4 style=\"font-weight: 700;line-height: 1.625rem;margin: 0.625rem 0rem;, sans-serif;font-size: 1rem\">Hoiatus v\u00fcrtsikuse kohta.<br \/>\nKuumad ja v\u00fcrtsikad maiustused ei tohiks sattuda v\u00e4ikeste laste k\u00e4tte. Hoida turvalises kohas.<\/h4>\n<p>Koostisosad: Suhkur, gl\u00fckoosisiirup, hapestaja: sidrunhape, sidruni\u00f5li, toiduv\u00e4rv: kartamuse ekstrakt, paprika (t\u0161illi ekstrakt).<\/p>\n<p>Nutrition information per 100g:<br \/>\nEnergiasisaldus&nbsp; 1557kj \/ 374 kcal<br \/>\nFats 0,0g<br \/>\nof which saturated fatty acids 0,0g<br \/>\nS\u00fcsivesikud 90,0g<br \/>\nmillest suhkrud 89,7g<br \/>\nValgud 0,1g<br \/>\nSalt 0,0g<br \/>\n&nbsp;<\/p>","protected":false},"excerpt":{"rendered":"<p>V\u00e4rsked, sidrunised&nbsp;ja eriti kuuma maitsega&nbsp;pulgakommid. Sisu:&nbsp;umbes 60 pulgakommi pakendis. Hoiatus v\u00fcrtsikuse kohta. Kuumad ja v\u00fcrtsikad maiustused ei tohiks sattuda v\u00e4ikeste laste k\u00e4tte. Hoida turvalises kohas. Koostisosad: Suhkur, gl\u00fckoosisiirup, hapestaja: sidrunhape, sidruni\u00f5li, toiduv\u00e4rv: kartamuse ekstrakt, paprika (t\u0161illi ekstrakt). Toitumisalane teave 100g kohta: Energiasisaldus&nbsp; 1557kj \/ 374 kcal Rasvad 0,0g millest k\u00fcllastunud rasvhapped 0,0g S\u00fcsivesikud 90,0g millest [&hellip;]<\/p>\n","protected":false},"featured_media":1775,"template":"","meta":[],"product_brand":[238],"product_cat":[324],"product_tag":[],"class_list":{"0":"post-1745","1":"product","2":"type-product","3":"status-publish","4":"has-post-thumbnail","6":"product_brand-chili-food","7":"product_cat-maiustused-snakid","9":"first","10":"instock","11":"taxable","12":"shipping-taxable","13":"purchasable","14":"product-type-simple"},"_links":{"self":[{"href":"https:\/\/pipraveski.ee\/en\/wp-json\/wp\/v2\/product\/1745","targetHints":{"allow":["GET"]}}],"collection":[{"href":"https:\/\/pipraveski.ee\/en\/wp-json\/wp\/v2\/product"}],"about":[{"href":"https:\/\/pipraveski.ee\/en\/wp-json\/wp\/v2\/types\/product"}],"wp:featuredmedia":[{"embeddable":true,"href":"https:\/\/pipraveski.ee\/en\/wp-json\/wp\/v2\/media\/1775"}],"wp:attachment":[{"href":"https:\/\/pipraveski.ee\/en\/wp-json\/wp\/v2\/media?parent=1745"}],"wp:term":[{"taxonomy":"product_brand","embeddable":true,"href":"https:\/\/pipraveski.ee\/en\/wp-json\/wp\/v2\/product_brand?post=1745"},{"taxonomy":"product_cat","embeddable":true,"href":"https:\/\/pipraveski.ee\/en\/wp-json\/wp\/v2\/product_cat?post=1745"},{"taxonomy":"product_tag","embeddable":true,"href":"https:\/\/pipraveski.ee\/en\/wp-json\/wp\/v2\/product_tag?post=1745"}],"curies":[{"name":"wp","href":"https:\/\/api.w.org\/{rel}","templated":true}]}}