{"id":1708,"date":"2025-10-22T19:07:15","date_gmt":"2025-10-22T16:07:15","guid":{"rendered":"https:\/\/pipraveski.ee\/?post_type=product&#038;p=1708"},"modified":"2026-04-17T11:33:19","modified_gmt":"2026-04-17T08:33:19","slug":"naturaalne-bourboni-vanilli-pasta-100ml","status":"publish","type":"product","link":"https:\/\/pipraveski.ee\/en\/product\/naturaalne-bourboni-vanilli-pasta-100ml\/","title":{"rendered":"Natural Bourbon vanilla paste 100ml"},"content":{"rendered":"<p style=\"margin: 0px 0px 20px;, sans-serif;font-size: 14px\">Each vanilla paste tube contains 20 plump Madagascar Bourbon vanilla pods - their seeds, extract and pods. If you keep it in the fridge after opening, it will stay fresh for at least 2 years. Add to porridge, pancakes, yoghurt, cakes, pastries, desserts, jams and marinades.&nbsp;<br \/>\nPackaging: metal tube.<\/p>\n<p style=\"margin: 0px 0px 20px;, sans-serif;font-size: 14px\">In baking:<br \/>\n1 tl = 1&nbsp;<a href=\"https:\/\/umami.ee\/toode\/bourboni-vanillikaunad-madagaskarilt-bio-2tk\/\" style=\"background: transparent\" target=\"_blank\" rel=\"noopener\">v<\/a>anillikaun<br \/>\n1 tsp&nbsp;<a href=\"https:\/\/umami.ee\/toode\/vanilliekstrakt\/\" style=\"background: transparent\" target=\"_blank\" rel=\"noopener\">v<\/a>anilla extract = 1\/3 teaspoon vanilla paste<\/p>\n<p style=\"margin: 0px 0px 20px;, sans-serif;font-size: 14px\">Ingredients: pure Bourbon vanilla* (including vanilla seeds), alcohol (17%), sugar, thickener (xanthan gum).<br \/>\n* responsibly grown and harvested<\/p>\n<p style=\"margin: 0px 0px 20px;, sans-serif;font-size: 14px\">Does not contain nuts. Suitable for vegans, kosher, gluten free.<br \/>\nStore in a cool place.<\/p>","protected":false},"excerpt":{"rendered":"<p>Igasse vanillipasta tuubi on pandud 20 prisket Madagaskari Bourboni vanilli kauna \u2013 nende seemned, ekstrakt ja kaunad. Kui hoiad seda peale avamist k\u00fclmikus, siis\u00e4ilib see v\u00e4hemalt 2 aastat v\u00e4rskena. Lisa pudrule, pannkookidele, jogurtile, kookidesse, k\u00fcpsetistesse, dessertidesse, moosidesse ja marinaadidesse.&nbsp; Pakend: metalltuub. K\u00fcpsetamisel: 1 tl = 1&nbsp;vanillikaun 1 tl&nbsp;vanilliekstrakti&nbsp;= 1\/3 tl vanillipastat Koostisosad: puhas Bourboni vanill* [&hellip;]<\/p>\n","protected":false},"featured_media":1739,"template":"","meta":[],"product_brand":[],"product_cat":[308],"product_tag":[],"class_list":{"0":"post-1708","1":"product","2":"type-product","3":"status-publish","4":"has-post-thumbnail","6":"product_cat-maitseaine-pastad-kastmed","8":"first","9":"outofstock","10":"taxable","11":"shipping-taxable","12":"purchasable","13":"product-type-simple"},"_links":{"self":[{"href":"https:\/\/pipraveski.ee\/en\/wp-json\/wp\/v2\/product\/1708","targetHints":{"allow":["GET"]}}],"collection":[{"href":"https:\/\/pipraveski.ee\/en\/wp-json\/wp\/v2\/product"}],"about":[{"href":"https:\/\/pipraveski.ee\/en\/wp-json\/wp\/v2\/types\/product"}],"wp:featuredmedia":[{"embeddable":true,"href":"https:\/\/pipraveski.ee\/en\/wp-json\/wp\/v2\/media\/1739"}],"wp:attachment":[{"href":"https:\/\/pipraveski.ee\/en\/wp-json\/wp\/v2\/media?parent=1708"}],"wp:term":[{"taxonomy":"product_brand","embeddable":true,"href":"https:\/\/pipraveski.ee\/en\/wp-json\/wp\/v2\/product_brand?post=1708"},{"taxonomy":"product_cat","embeddable":true,"href":"https:\/\/pipraveski.ee\/en\/wp-json\/wp\/v2\/product_cat?post=1708"},{"taxonomy":"product_tag","embeddable":true,"href":"https:\/\/pipraveski.ee\/en\/wp-json\/wp\/v2\/product_tag?post=1708"}],"curies":[{"name":"wp","href":"https:\/\/api.w.org\/{rel}","templated":true}]}}