{"id":1706,"date":"2025-10-22T19:07:15","date_gmt":"2025-10-22T16:07:15","guid":{"rendered":"https:\/\/pipraveski.ee\/?post_type=product&#038;p=1706"},"modified":"2026-04-17T11:32:05","modified_gmt":"2026-04-17T08:32:05","slug":"sidrunikoor-kuivatatud-50g","status":"publish","type":"product","link":"https:\/\/pipraveski.ee\/en\/product\/sidrunikoor-kuivatatud-50g\/","title":{"rendered":"Sidrunikoor, kuivatatud, 50g"},"content":{"rendered":"<p>Kuivatatud ja purustatud sidrunikoor.<\/p>\n<p>Sidrunikoort v\u00f5ib julgelt lisada teesegudesse, k\u00fcpsetistesse, kastmetesse v\u00f5i marinaadidesse &#8211; igale poole, kuhu soovid tsitruselist mekki.<br \/>\n<strong>Suuremat pakendit soovides ootame teie e-kirju aadressile myyk@pipraveski.ee<\/strong><br \/>\n&nbsp;<\/p>","protected":false},"excerpt":{"rendered":"<p>Kuivatatud ja purustatud sidrunikoor. Sidrunikoort v\u00f5ib julgelt lisada teesegudesse, k\u00fcpsetistesse, kastmetesse v\u00f5i marinaadidesse &#8211; igale poole, kuhu soovid tsitruselist mekki. Suuremat pakendit soovides ootame teie e-kirju aadressile myyk@pipraveski.ee &nbsp;<\/p>","protected":false},"featured_media":1737,"template":"","meta":[],"product_brand":[],"product_cat":[338],"product_tag":[],"class_list":{"0":"post-1706","1":"product","2":"type-product","3":"status-publish","4":"has-post-thumbnail","6":"product_cat-puhtad-maitsed","8":"first","9":"instock","10":"sale","11":"taxable","12":"shipping-taxable","13":"purchasable","14":"product-type-simple"},"_links":{"self":[{"href":"https:\/\/pipraveski.ee\/en\/wp-json\/wp\/v2\/product\/1706","targetHints":{"allow":["GET"]}}],"collection":[{"href":"https:\/\/pipraveski.ee\/en\/wp-json\/wp\/v2\/product"}],"about":[{"href":"https:\/\/pipraveski.ee\/en\/wp-json\/wp\/v2\/types\/product"}],"wp:featuredmedia":[{"embeddable":true,"href":"https:\/\/pipraveski.ee\/en\/wp-json\/wp\/v2\/media\/1737"}],"wp:attachment":[{"href":"https:\/\/pipraveski.ee\/en\/wp-json\/wp\/v2\/media?parent=1706"}],"wp:term":[{"taxonomy":"product_brand","embeddable":true,"href":"https:\/\/pipraveski.ee\/en\/wp-json\/wp\/v2\/product_brand?post=1706"},{"taxonomy":"product_cat","embeddable":true,"href":"https:\/\/pipraveski.ee\/en\/wp-json\/wp\/v2\/product_cat?post=1706"},{"taxonomy":"product_tag","embeddable":true,"href":"https:\/\/pipraveski.ee\/en\/wp-json\/wp\/v2\/product_tag?post=1706"}],"curies":[{"name":"wp","href":"https:\/\/api.w.org\/{rel}","templated":true}]}}