{"id":1704,"date":"2025-10-22T19:07:15","date_gmt":"2025-10-22T16:07:15","guid":{"rendered":"https:\/\/pipraveski.ee\/?post_type=product&#038;p=1704"},"modified":"2026-04-17T11:33:18","modified_gmt":"2026-04-17T08:33:18","slug":"karripasta-punane-195g","status":"publish","type":"product","link":"https:\/\/pipraveski.ee\/en\/product\/karripasta-punane-195g\/","title":{"rendered":"Curry paste, red, 195g"},"content":{"rendered":"<p>The magic red curry paste.<\/p>\n<p>Sobib suurep\u00e4raselt punase karri valmistamiseks.<br \/>\nLisa wok pannile \u00f5li, karripasta ja kookospiim, kuumuta ca 30 sek. Lisa soovitud liha (nt kana t\u00fckid), k\u00f6\u00f6giviljad ja laimilehe ribad, kuumuta valmimiseni. Maitsesta kalakastmega ja serveeri riisiga (nt basmati v\u00f5i jasmiini riisiga).<\/p>\n<p><strong>Ingredients:<\/strong> \u0161alottsibul, t\u0161illi, SOJA\u00f5li, suhkur, k\u00fc\u00fcslauk, sidrunhein, kalgan, kaffirlaimi koor, basiiliku lehed.<\/p>\n<p><strong>Toitumisalane teave&nbsp;100g kohta&nbsp;<\/strong><br \/>\nEnergiasisaldus 321 kj \/ 77 kcal)&nbsp;<br \/>\nRasvad 1,3g<br \/>\nK\u00fcllastunud rasvhapped 0,3g&nbsp;<br \/>\nCarbohydrates 10g&nbsp;<br \/>\nmillest suhkrud 9,8g&nbsp;<br \/>\nKiudaineid 9g&nbsp;<br \/>\nProtein 1,8g&nbsp;<br \/>\nSalt 6,6g&nbsp;<br \/>\n&nbsp;<\/p>","protected":false},"excerpt":{"rendered":"<p>Punane karripasta<\/p>","protected":false},"featured_media":1734,"template":"","meta":[],"product_brand":[],"product_cat":[308],"product_tag":[],"class_list":{"0":"post-1704","1":"product","2":"type-product","3":"status-publish","4":"has-post-thumbnail","6":"product_cat-maitseaine-pastad-kastmed","8":"first","9":"instock","10":"taxable","11":"shipping-taxable","12":"purchasable","13":"product-type-simple"},"_links":{"self":[{"href":"https:\/\/pipraveski.ee\/en\/wp-json\/wp\/v2\/product\/1704","targetHints":{"allow":["GET"]}}],"collection":[{"href":"https:\/\/pipraveski.ee\/en\/wp-json\/wp\/v2\/product"}],"about":[{"href":"https:\/\/pipraveski.ee\/en\/wp-json\/wp\/v2\/types\/product"}],"wp:featuredmedia":[{"embeddable":true,"href":"https:\/\/pipraveski.ee\/en\/wp-json\/wp\/v2\/media\/1734"}],"wp:attachment":[{"href":"https:\/\/pipraveski.ee\/en\/wp-json\/wp\/v2\/media?parent=1704"}],"wp:term":[{"taxonomy":"product_brand","embeddable":true,"href":"https:\/\/pipraveski.ee\/en\/wp-json\/wp\/v2\/product_brand?post=1704"},{"taxonomy":"product_cat","embeddable":true,"href":"https:\/\/pipraveski.ee\/en\/wp-json\/wp\/v2\/product_cat?post=1704"},{"taxonomy":"product_tag","embeddable":true,"href":"https:\/\/pipraveski.ee\/en\/wp-json\/wp\/v2\/product_tag?post=1704"}],"curies":[{"name":"wp","href":"https:\/\/api.w.org\/{rel}","templated":true}]}}