{"id":1702,"date":"2025-10-22T19:07:15","date_gmt":"2025-10-22T16:07:15","guid":{"rendered":"https:\/\/pipraveski.ee\/?post_type=product&#038;p=1702"},"modified":"2026-04-17T11:32:32","modified_gmt":"2026-04-17T08:32:32","slug":"korvitsakoogi-maitseaine-200g","status":"publish","type":"product","link":"https:\/\/pipraveski.ee\/en\/product\/korvitsakoogi-maitseaine-200g\/","title":{"rendered":"Pumpkin pie spice, 200g"},"content":{"rendered":"<p>Pumpkin pie spice - An American spice blend for pumpkin pies.<\/p>\n<p>Also suitable for adding to other desserts, whipped cream, pasta sauces, vegetables, pancake batter or warm drinks (e.g. Pumpkin spice latte).<\/p>\n<p>Ingredients: cinnamon, nutmeg, ginger, cloves, spice.<br \/>\n<strong>Suuremat pakendit soovides ootame teie e-kirju aadressil myyk@pipraveski.ee<\/strong><br \/>\n&nbsp;<\/p>","protected":false},"excerpt":{"rendered":"<p>K\u00f5rvitsakoogi maitseaine (Pumpkin pie spice) &#8211; Ameerikap\u00e4rane v\u00fcrtsisegu k\u00f5rvitsakookidele. Sobib ka lisamiseks muudele magustoitudele, vahukoorele, pasta kastmetesse, k\u00f6\u00f6giviljadele, pannkoogitainasse v\u00f5i soojadele jookidele (nt Pumpkin spice latte). Koostisosad: kaneel, muskaatp\u00e4hkel, ingver, nelk, v\u00fcrts. Suuremat pakendit soovides ootame teie e-kirju aadressil myyk@pipraveski.ee &nbsp;<\/p>","protected":false},"featured_media":1732,"template":"","meta":[],"product_brand":[],"product_cat":[307],"product_tag":[],"class_list":{"0":"post-1702","1":"product","2":"type-product","3":"status-publish","4":"has-post-thumbnail","6":"product_cat-maitseainesegud","8":"first","9":"instock","10":"taxable","11":"shipping-taxable","12":"purchasable","13":"product-type-simple"},"_links":{"self":[{"href":"https:\/\/pipraveski.ee\/en\/wp-json\/wp\/v2\/product\/1702","targetHints":{"allow":["GET"]}}],"collection":[{"href":"https:\/\/pipraveski.ee\/en\/wp-json\/wp\/v2\/product"}],"about":[{"href":"https:\/\/pipraveski.ee\/en\/wp-json\/wp\/v2\/types\/product"}],"wp:featuredmedia":[{"embeddable":true,"href":"https:\/\/pipraveski.ee\/en\/wp-json\/wp\/v2\/media\/1732"}],"wp:attachment":[{"href":"https:\/\/pipraveski.ee\/en\/wp-json\/wp\/v2\/media?parent=1702"}],"wp:term":[{"taxonomy":"product_brand","embeddable":true,"href":"https:\/\/pipraveski.ee\/en\/wp-json\/wp\/v2\/product_brand?post=1702"},{"taxonomy":"product_cat","embeddable":true,"href":"https:\/\/pipraveski.ee\/en\/wp-json\/wp\/v2\/product_cat?post=1702"},{"taxonomy":"product_tag","embeddable":true,"href":"https:\/\/pipraveski.ee\/en\/wp-json\/wp\/v2\/product_tag?post=1702"}],"curies":[{"name":"wp","href":"https:\/\/api.w.org\/{rel}","templated":true}]}}