{"id":1701,"date":"2025-10-22T19:07:15","date_gmt":"2025-10-22T16:07:15","guid":{"rendered":"https:\/\/pipraveski.ee\/?post_type=product&#038;p=1701"},"modified":"2026-04-17T11:32:59","modified_gmt":"2026-04-17T08:32:59","slug":"cherry-tsillikaunad-30g","status":"publish","type":"product","link":"https:\/\/pipraveski.ee\/en\/product\/cherry-tsillikaunad-30g\/","title":{"rendered":"Cherry Chilli Chunks, 30g"},"content":{"rendered":"<p>Cherry Chili on \u00fcmmargune kirsspipar, millel on erkpunane v\u00e4rv ja suurep\u00e4rane maitse. T\u0161illide l\u00e4bim\u00f5\u00f5t on ca. 2 &#8211; 2,5 cm. Neil on m\u00f5nus mahe teravus ja seda iseloomustab ennek\u00f5ike intensiivne puuviljane paprika aroom, mis ei ole kibe.<\/p>\n<p><b>Usage: <\/b>loputage kuivatatud kirsst\u0161illid k\u00f5igepealt sooja veega, leotage kuumas vees 10 minutit. niisutada v\u00f5i lisada otse retseptile.<\/p>\n<p>\n<b>Storage:&nbsp;<\/b>hoida pimedas, jahedas, kuivas ja \u00f5hukindlas kohas.<\/p>","protected":false},"excerpt":{"rendered":"<p>Cherry Chili on \u00fcmmargune kirsspipar, millel on erkpunane v\u00e4rv ja suurep\u00e4rane maitse. T\u0161illide l\u00e4bim\u00f5\u00f5t on ca. 2 &#8211; 2,5 cm. Neil on m\u00f5nus mahe teravus ja seda iseloomustab ennek\u00f5ike intensiivne puuviljane paprika aroom, mis ei ole kibe. Kasutamine: loputage kuivatatud kirsst\u0161illid k\u00f5igepealt sooja veega, leotage kuumas vees 10 minutit. niisutada v\u00f5i lisada otse retseptile. S\u00e4ilitamine:&nbsp;hoida [&hellip;]<\/p>\n","protected":false},"featured_media":3373,"template":"","meta":[],"product_brand":[],"product_cat":[338],"product_tag":[],"class_list":{"0":"post-1701","1":"product","2":"type-product","3":"status-publish","4":"has-post-thumbnail","6":"product_cat-puhtad-maitsed","8":"first","9":"instock","10":"taxable","11":"shipping-taxable","12":"purchasable","13":"product-type-simple"},"_links":{"self":[{"href":"https:\/\/pipraveski.ee\/en\/wp-json\/wp\/v2\/product\/1701","targetHints":{"allow":["GET"]}}],"collection":[{"href":"https:\/\/pipraveski.ee\/en\/wp-json\/wp\/v2\/product"}],"about":[{"href":"https:\/\/pipraveski.ee\/en\/wp-json\/wp\/v2\/types\/product"}],"wp:featuredmedia":[{"embeddable":true,"href":"https:\/\/pipraveski.ee\/en\/wp-json\/wp\/v2\/media\/3373"}],"wp:attachment":[{"href":"https:\/\/pipraveski.ee\/en\/wp-json\/wp\/v2\/media?parent=1701"}],"wp:term":[{"taxonomy":"product_brand","embeddable":true,"href":"https:\/\/pipraveski.ee\/en\/wp-json\/wp\/v2\/product_brand?post=1701"},{"taxonomy":"product_cat","embeddable":true,"href":"https:\/\/pipraveski.ee\/en\/wp-json\/wp\/v2\/product_cat?post=1701"},{"taxonomy":"product_tag","embeddable":true,"href":"https:\/\/pipraveski.ee\/en\/wp-json\/wp\/v2\/product_tag?post=1701"}],"curies":[{"name":"wp","href":"https:\/\/api.w.org\/{rel}","templated":true}]}}