{"id":1700,"date":"2025-10-22T19:07:15","date_gmt":"2025-10-22T16:07:15","guid":{"rendered":"https:\/\/pipraveski.ee\/?post_type=product&#038;p=1700"},"modified":"2026-04-17T11:33:19","modified_gmt":"2026-04-17T08:33:19","slug":"magus-hapu-ploomikaste-healthyboy-300ml","status":"publish","type":"product","link":"https:\/\/pipraveski.ee\/en\/product\/magus-hapu-ploomikaste-healthyboy-300ml\/","title":{"rendered":"Sweet and sour plum sauce, HealthyBoy, 300ml"},"content":{"rendered":"<p>Magus-hapu maitsega ploomikaste sobib h\u00e4sti dipikastmeks.<\/p>\n<p><strong>Ingredients: <\/strong>suhkur, vesi, destilleeritud \u00e4\u00e4dikas, ploomid 2%, modifitseeritud tapioki t\u00e4rklis, sool.<br \/>\nStore in the refrigerator after opening.<\/p>\n<p><strong>Toitev\u00e4\u00e4rtus 100ml kohta:<\/strong><br \/>\nEnergiasisaldus 1167kJ\/278kcal<br \/>\nRasv 0,7g<br \/>\nof which saturated fatty acids 0,5g<br \/>\nCarbohydrates 68g<br \/>\nmillest suhkur 65g<br \/>\nValk g<br \/>\nSalt 1,8g<\/p>","protected":false},"excerpt":{"rendered":"<p>Dipikastmeks igale roale<\/p>","protected":false},"featured_media":1730,"template":"","meta":[],"product_brand":[],"product_cat":[317],"product_tag":[],"class_list":{"0":"post-1700","1":"product","2":"type-product","3":"status-publish","4":"has-post-thumbnail","6":"product_cat-kastmed-sinepid-tsatnid","8":"first","9":"instock","10":"sale","11":"taxable","12":"shipping-taxable","13":"purchasable","14":"product-type-simple"},"_links":{"self":[{"href":"https:\/\/pipraveski.ee\/en\/wp-json\/wp\/v2\/product\/1700","targetHints":{"allow":["GET"]}}],"collection":[{"href":"https:\/\/pipraveski.ee\/en\/wp-json\/wp\/v2\/product"}],"about":[{"href":"https:\/\/pipraveski.ee\/en\/wp-json\/wp\/v2\/types\/product"}],"wp:featuredmedia":[{"embeddable":true,"href":"https:\/\/pipraveski.ee\/en\/wp-json\/wp\/v2\/media\/1730"}],"wp:attachment":[{"href":"https:\/\/pipraveski.ee\/en\/wp-json\/wp\/v2\/media?parent=1700"}],"wp:term":[{"taxonomy":"product_brand","embeddable":true,"href":"https:\/\/pipraveski.ee\/en\/wp-json\/wp\/v2\/product_brand?post=1700"},{"taxonomy":"product_cat","embeddable":true,"href":"https:\/\/pipraveski.ee\/en\/wp-json\/wp\/v2\/product_cat?post=1700"},{"taxonomy":"product_tag","embeddable":true,"href":"https:\/\/pipraveski.ee\/en\/wp-json\/wp\/v2\/product_tag?post=1700"}],"curies":[{"name":"wp","href":"https:\/\/api.w.org\/{rel}","templated":true}]}}