{"id":1699,"date":"2025-10-22T19:07:15","date_gmt":"2025-10-22T16:07:15","guid":{"rendered":"https:\/\/pipraveski.ee\/?post_type=product&#038;p=1699"},"modified":"2026-04-17T11:33:23","modified_gmt":"2026-04-17T08:33:23","slug":"seesamiseemned-valged-50g","status":"publish","type":"product","link":"https:\/\/pipraveski.ee\/en\/product\/seesamiseemned-valged-50g\/","title":{"rendered":"Sesame seeds, white, HELA, 50g"},"content":{"rendered":"<p style=\"margin: 0px 0px 20px;, Verdana, Geneva, sans-serif\">Kr\u00f5mpsud ja h\u00f5rgud seesamiseemned, millel on peen p\u00e4hklimaitse, on v\u00e4ljendusrikas toiduaine, mis sobib k\u00f5ige erinevamate roogade ja k\u00fcpsetiste maitsestamiseks. Selleks, et seesamiseemnetes sisalduvaid kasulikke aineid kergem omastada oleks, v\u00f5id neid kasutada ka jahvatatuna v\u00f5i peeneks h\u00f5\u00f5rutuna.<\/p>\n<p style=\"margin: 0px 0px 20px;, Verdana, Geneva, sans-serif\">Toitumisalane teave 100 g toote kohta:<br \/>\nEnergiasisaldus 2659 kJ\/&nbsp;<span style=\", Verdana, Geneva, sans-serif;font-size: 13px\">642 kcal<\/span><br \/>\nRasvad 53,2 g<br \/>\nmillest k\u00fcllastunud rasvhapped 6,7 g<br \/>\nS\u00fcsivesikud 14.9 g<br \/>\nof which sugars 0 g<br \/>\nProtein 22 g<br \/>\nSalt 0,1 g<\/p>","protected":false},"excerpt":{"rendered":"<p>Kr\u00f5mpsud ja h\u00f5rgud seesamiseemned, millel on peen p\u00e4hklimaitse, on v\u00e4ljendusrikas toiduaine, mis sobib k\u00f5ige erinevamate roogade ja k\u00fcpsetiste maitsestamiseks. Selleks, et seesamiseemnetes sisalduvaid kasulikke aineid kergem omastada oleks, v\u00f5id neid kasutada ka jahvatatuna v\u00f5i peeneks h\u00f5\u00f5rutuna. Toitumisalane teave 100 g toote kohta: Energiasisaldus 2659 kJ\/&nbsp;642 kcal Rasvad 53,2 g millest k\u00fcllastunud rasvhapped 6,7 g S\u00fcsivesikud [&hellip;]<\/p>\n","protected":false},"featured_media":1729,"template":"","meta":[],"product_brand":[244],"product_cat":[321],"product_tag":[],"class_list":{"0":"post-1699","1":"product","2":"type-product","3":"status-publish","4":"has-post-thumbnail","6":"product_brand-hela","7":"product_cat-seemned-marjad-seened-jmt","9":"first","10":"instock","11":"taxable","12":"shipping-taxable","13":"purchasable","14":"product-type-simple"},"_links":{"self":[{"href":"https:\/\/pipraveski.ee\/en\/wp-json\/wp\/v2\/product\/1699","targetHints":{"allow":["GET"]}}],"collection":[{"href":"https:\/\/pipraveski.ee\/en\/wp-json\/wp\/v2\/product"}],"about":[{"href":"https:\/\/pipraveski.ee\/en\/wp-json\/wp\/v2\/types\/product"}],"wp:featuredmedia":[{"embeddable":true,"href":"https:\/\/pipraveski.ee\/en\/wp-json\/wp\/v2\/media\/1729"}],"wp:attachment":[{"href":"https:\/\/pipraveski.ee\/en\/wp-json\/wp\/v2\/media?parent=1699"}],"wp:term":[{"taxonomy":"product_brand","embeddable":true,"href":"https:\/\/pipraveski.ee\/en\/wp-json\/wp\/v2\/product_brand?post=1699"},{"taxonomy":"product_cat","embeddable":true,"href":"https:\/\/pipraveski.ee\/en\/wp-json\/wp\/v2\/product_cat?post=1699"},{"taxonomy":"product_tag","embeddable":true,"href":"https:\/\/pipraveski.ee\/en\/wp-json\/wp\/v2\/product_tag?post=1699"}],"curies":[{"name":"wp","href":"https:\/\/api.w.org\/{rel}","templated":true}]}}