{"id":1697,"date":"2025-10-22T19:07:14","date_gmt":"2025-10-22T16:07:14","guid":{"rendered":"https:\/\/pipraveski.ee\/?post_type=product&#038;p=1697"},"modified":"2026-04-17T11:32:50","modified_gmt":"2026-04-17T08:32:50","slug":"laatsed-punased-trs-500g","status":"publish","type":"product","link":"https:\/\/pipraveski.ee\/en\/product\/laatsed-punased-trs-500g\/","title":{"rendered":"Lentils, red, TRS, 500g"},"content":{"rendered":"<p><strong>Punased l\u00e4\u00e4tsed<\/strong>&nbsp;on madala kalorsusega ning rikkad valkude, kiudainete, mineraalide ja vitamiinide poolest.<\/p>\n<p>K\u00f5ige tuntuimad l\u00e4\u00e4tsed, mida kastuatakse karride, suppide, hautiste, salatite valmistamisel.<br \/>\nImavad v\u00fcrtside maitsed valmistamise k\u00e4igus v\u00e4ga h\u00e4sti endasse.<\/p>\n<p><strong>Sobilik ka taimetoitlastele.&nbsp;<\/strong><\/p>\n<p><strong>Preparation:<\/strong><br \/>\nPuhasta l\u00e4\u00e4tsed. Pese 3-4 korda ning j\u00e4ta viimase puhta veega min 10-ks min ligunema. Vala koos uue puhta veega potti ja lase keema t\u00f5usta. Keeda umbes 10 minutit ning alanda kuumust ja hauta 30min v\u00f5i enam kuni l\u00e4\u00e4tsed on pehmed. J\u00e4lgi, et vesi potist \u00e4ra ei keeks.<\/p>\n<p><strong>Nutrition information per 100g:<\/strong><br \/>\nEnergiasisaldus 1450kJ \/ 349kcal<br \/>\nS\u00fcsivesikud 56,3g<br \/>\nof which sugars 0g<br \/>\nRasvad 1,3g<br \/>\nof which saturated fatty acids 0g<br \/>\nKiudained 5,0 g<br \/>\nValgud 23,8g<br \/>\nSalt 0g<\/p>\n<p><strong>Storage:<\/strong> kuivas, jahedas, pimedas kohas ning \u00f5hukindlas anumas.<\/p>\n<p><strong>Manufacturer:<\/strong> TRC Foods<br \/>\n<strong>Country of origin: <\/strong>Turkey<\/p>","protected":false},"excerpt":{"rendered":"<p>Punased l\u00e4\u00e4tsed on rikkad valkude, kiudainete, mineraalide ja vitamiinide poolest.<\/p>","protected":false},"featured_media":1727,"template":"","meta":[],"product_brand":[257],"product_cat":[319],"product_tag":[],"class_list":{"0":"post-1697","1":"product","2":"type-product","3":"status-publish","4":"has-post-thumbnail","6":"product_brand-trs","7":"product_cat-laatsed-oad-terad","9":"first","10":"instock","11":"taxable","12":"shipping-taxable","13":"purchasable","14":"product-type-simple"},"_links":{"self":[{"href":"https:\/\/pipraveski.ee\/en\/wp-json\/wp\/v2\/product\/1697","targetHints":{"allow":["GET"]}}],"collection":[{"href":"https:\/\/pipraveski.ee\/en\/wp-json\/wp\/v2\/product"}],"about":[{"href":"https:\/\/pipraveski.ee\/en\/wp-json\/wp\/v2\/types\/product"}],"wp:featuredmedia":[{"embeddable":true,"href":"https:\/\/pipraveski.ee\/en\/wp-json\/wp\/v2\/media\/1727"}],"wp:attachment":[{"href":"https:\/\/pipraveski.ee\/en\/wp-json\/wp\/v2\/media?parent=1697"}],"wp:term":[{"taxonomy":"product_brand","embeddable":true,"href":"https:\/\/pipraveski.ee\/en\/wp-json\/wp\/v2\/product_brand?post=1697"},{"taxonomy":"product_cat","embeddable":true,"href":"https:\/\/pipraveski.ee\/en\/wp-json\/wp\/v2\/product_cat?post=1697"},{"taxonomy":"product_tag","embeddable":true,"href":"https:\/\/pipraveski.ee\/en\/wp-json\/wp\/v2\/product_tag?post=1697"}],"curies":[{"name":"wp","href":"https:\/\/api.w.org\/{rel}","templated":true}]}}