{"id":1696,"date":"2025-10-22T19:07:14","date_gmt":"2025-10-22T16:07:14","guid":{"rendered":"https:\/\/pipraveski.ee\/?post_type=product&#038;p=1696"},"modified":"2026-04-17T11:33:09","modified_gmt":"2026-04-17T08:33:09","slug":"koriandrilehed-kulmkuivatatud-4g","status":"publish","type":"product","link":"https:\/\/pipraveski.ee\/en\/product\/koriandrilehed-kulmkuivatatud-4g\/","title":{"rendered":"Coriander leaves, freeze-dried, HELA, 4g"},"content":{"rendered":"<p style=\"margin: 0px 0px 1.41575em;letter-spacing: 0.2px;font-size: medium;line-height: 1.5;height: fit-content;color: var(--main-text-color);, sans-serif\">Tugevama maitsega, kui tavalise kuivatuseda \u00fcrdid.<br \/>\nK\u00fclmkuivatatud \u00fcrte v\u00f5ib lisada roogadele kuivalt. Mitte lisada kuumutamise ajal. Parima tulemuse saate kui niisutate \u00fcrte enne toidule lisamist veega.<\/p>\n<p style=\"margin: 1em 0px 1.41575em;letter-spacing: 0.2px;font-size: medium;line-height: 1.5;height: fit-content;color: var(--main-text-color);, sans-serif\">4g toodet vastab 35g v\u00e4rsketele koriandrilehtedele.<br \/>\n40g toodet vastab 350g v\u00e4rsketele koriandrilehtedele.<\/p>\n<p style=\"margin: 1em 0px 1.41575em;letter-spacing: 0.2px;font-size: medium;line-height: 1.5;height: fit-content;color: var(--main-text-color);, sans-serif\">Kasutamine: aasiap\u00e4rastes roogades: liha- ja kalaroad, supid, kastmed, salatid, dipikastmed ja salatikastmed.<\/p>","protected":false},"excerpt":{"rendered":"<p>Tugevama maitsega, kui tavalise kuivatuseda \u00fcrdid. K\u00fclmkuivatatud \u00fcrte v\u00f5ib lisada roogadele kuivalt. Mitte lisada kuumutamise ajal. Parima tulemuse saate kui niisutate \u00fcrte enne toidule lisamist veega. 4g toodet vastab 35g v\u00e4rsketele koriandrilehtedele. 40g toodet vastab 350g v\u00e4rsketele koriandrilehtedele. Kasutamine: aasiap\u00e4rastes roogades: liha- ja kalaroad, supid, kastmed, salatid, dipikastmed ja salatikastmed.<\/p>","protected":false},"featured_media":1726,"template":"","meta":[],"product_brand":[244],"product_cat":[305],"product_tag":[],"class_list":{"0":"post-1696","1":"product","2":"type-product","3":"status-publish","4":"has-post-thumbnail","6":"product_brand-hela","7":"product_cat-urdid-kulmkuivatatud-urdid","9":"first","10":"outofstock","11":"taxable","12":"shipping-taxable","13":"purchasable","14":"product-type-simple"},"_links":{"self":[{"href":"https:\/\/pipraveski.ee\/en\/wp-json\/wp\/v2\/product\/1696","targetHints":{"allow":["GET"]}}],"collection":[{"href":"https:\/\/pipraveski.ee\/en\/wp-json\/wp\/v2\/product"}],"about":[{"href":"https:\/\/pipraveski.ee\/en\/wp-json\/wp\/v2\/types\/product"}],"wp:featuredmedia":[{"embeddable":true,"href":"https:\/\/pipraveski.ee\/en\/wp-json\/wp\/v2\/media\/1726"}],"wp:attachment":[{"href":"https:\/\/pipraveski.ee\/en\/wp-json\/wp\/v2\/media?parent=1696"}],"wp:term":[{"taxonomy":"product_brand","embeddable":true,"href":"https:\/\/pipraveski.ee\/en\/wp-json\/wp\/v2\/product_brand?post=1696"},{"taxonomy":"product_cat","embeddable":true,"href":"https:\/\/pipraveski.ee\/en\/wp-json\/wp\/v2\/product_cat?post=1696"},{"taxonomy":"product_tag","embeddable":true,"href":"https:\/\/pipraveski.ee\/en\/wp-json\/wp\/v2\/product_tag?post=1696"}],"curies":[{"name":"wp","href":"https:\/\/api.w.org\/{rel}","templated":true}]}}