{"id":1692,"date":"2025-10-22T19:07:14","date_gmt":"2025-10-22T16:07:14","guid":{"rendered":"https:\/\/pipraveski.ee\/?post_type=product&#038;p=1692"},"modified":"2026-04-17T11:32:58","modified_gmt":"2026-04-17T08:32:58","slug":"must-tee-karamell-popcorn-noodiga-30g","status":"publish","type":"product","link":"https:\/\/pipraveski.ee\/en\/product\/must-tee-karamell-popcorn-noodiga-30g\/","title":{"rendered":"Black tea, Caramel-popcorn with noodles, 30g"},"content":{"rendered":"<p>For a cosy evening of TV or just to remind you that it's been too long since you last went to the cinema... Sweet and seductively creamy notes of caramel and popcorn on our mild Black Sencha base will make you smile, whether you're watching a drama, thriller, tragedy or fantasy unfold on screen. Just sit back and be captivated by this creation, caramel and popcorn included.<\/p>\n<p><span style=\"font-size: 13px\">Ingredients: black tea (80%), sweet blackberry leaves, flavourings, cocoa shell, cinnamon pieces, cream caramel pieces (sweetened condensed milk, sugar, glucose syrup, butterfat, wetting agent: sorbitol, emulsifier: mono- and diglycerides of edible fatty acids), popcorn.<\/span><br \/>\n&nbsp;<\/p>\n<div style=\"margin-right: 5px;display: inline-block;font-size: 0.75em\"><span style=\"font-size: 14px\"><img decoding=\"async\" src=\"https:\/\/www.dethlefsen-balk.de\/images\/property\/Zeit.jpg\" style=\"max-width: 100%;height: auto;vertical-align: middle;border-style: none\" \/>&nbsp;3-5 min&nbsp;<\/span><\/div>\n<div style=\"margin-right: 5px;display: inline-block;font-size: 0.75em\"><span style=\"font-size: 14px\"><img decoding=\"async\" src=\"https:\/\/www.dethlefsen-balk.de\/images\/property\/temp.jpg\" style=\"max-width: 100%;height: auto;vertical-align: middle;border-style: none\" \/>&nbsp;100 \u00b0C water temperature<\/span><\/div>\n<div style=\"display: inline-block;font-size: 0.75em\"><span style=\"font-size: 14px\"><img decoding=\"async\" src=\"https:\/\/www.dethlefsen-balk.de\/images\/property\/loef.jpg\" style=\"max-width: 100%;height: auto;vertical-align: middle;border-style: none\" \/>&nbsp;4-5 tl\/L<\/span><\/div>","protected":false},"excerpt":{"rendered":"<p>\u00d5dusaks tele\u00f5htuks v\u00f5i lihtsalt selleks, et meenutada, et viimati kinos k\u00e4imisest on juba liiga kaua aega m\u00f6\u00f6das&#8230; Magusad ja v\u00f5rgutavalt kreemjad karamelli- ja popkorninoodid meie mahedal Black Sencha p\u00f5hjal tekitavad naeratuse, olenemata sellest, kas Ekraanil rullub lahti draama, p\u00f5nevik, trag\u00f6\u00f6dia v\u00f5i fantaasia. Lihtsalt istuge ja laske sellel loomingul end v\u00f5luda, karamellit\u00fckid ja popkorn kaasas. Koostisained:&nbsp;must [&hellip;]<\/p>\n","protected":false},"featured_media":1722,"template":"","meta":[],"product_brand":[],"product_cat":[327],"product_tag":[],"class_list":{"0":"post-1692","1":"product","2":"type-product","3":"status-publish","4":"has-post-thumbnail","6":"product_cat-kohv-tee","8":"first","9":"instock","10":"taxable","11":"shipping-taxable","12":"purchasable","13":"product-type-simple"},"_links":{"self":[{"href":"https:\/\/pipraveski.ee\/en\/wp-json\/wp\/v2\/product\/1692","targetHints":{"allow":["GET"]}}],"collection":[{"href":"https:\/\/pipraveski.ee\/en\/wp-json\/wp\/v2\/product"}],"about":[{"href":"https:\/\/pipraveski.ee\/en\/wp-json\/wp\/v2\/types\/product"}],"wp:featuredmedia":[{"embeddable":true,"href":"https:\/\/pipraveski.ee\/en\/wp-json\/wp\/v2\/media\/1722"}],"wp:attachment":[{"href":"https:\/\/pipraveski.ee\/en\/wp-json\/wp\/v2\/media?parent=1692"}],"wp:term":[{"taxonomy":"product_brand","embeddable":true,"href":"https:\/\/pipraveski.ee\/en\/wp-json\/wp\/v2\/product_brand?post=1692"},{"taxonomy":"product_cat","embeddable":true,"href":"https:\/\/pipraveski.ee\/en\/wp-json\/wp\/v2\/product_cat?post=1692"},{"taxonomy":"product_tag","embeddable":true,"href":"https:\/\/pipraveski.ee\/en\/wp-json\/wp\/v2\/product_tag?post=1692"}],"curies":[{"name":"wp","href":"https:\/\/api.w.org\/{rel}","templated":true}]}}