{"id":1691,"date":"2025-10-22T19:07:14","date_gmt":"2025-10-22T16:07:14","guid":{"rendered":"https:\/\/pipraveski.ee\/?post_type=product&#038;p=1691"},"modified":"2026-04-17T11:32:36","modified_gmt":"2026-04-17T08:32:36","slug":"sidruni-ja-pipra-rub-lihale-60g","status":"publish","type":"product","link":"https:\/\/pipraveski.ee\/en\/product\/sidruni-ja-pipra-rub-lihale-60g\/","title":{"rendered":"Lemon and pepper RUB for meat, 60g"},"content":{"rendered":"<p>V\u00fcrtsisegu lihale ja kalale.&nbsp; Koostisosad: gl\u00fckoosisiirup, sool, suhkur, v\u00fcrtsid (must pipar, petersell, till, t\u0161illi, kurkum), naturaalne sidruni aroom, happseuse regulaator: sidrunhape<br \/>\n<strong>Suuremat pakendit soovides ootame teie e-kirja aadressile myyk@pipraveski.ee<\/strong><br \/>\n&nbsp;<\/p>","protected":false},"excerpt":{"rendered":"<p>V\u00fcrtsisegu lihale ja kalale.&nbsp; Koostisosad: gl\u00fckoosisiirup, sool, suhkur, v\u00fcrtsid (must pipar, petersell, till, t\u0161illi, kurkum), naturaalne sidruni aroom, happseuse regulaator: sidrunhape Suuremat pakendit soovides ootame teie e-kirja aadressile myyk@pipraveski.ee &nbsp;<\/p>","protected":false},"featured_media":1721,"template":"","meta":[],"product_brand":[],"product_cat":[307],"product_tag":[],"class_list":{"0":"post-1691","1":"product","2":"type-product","3":"status-publish","4":"has-post-thumbnail","6":"product_cat-maitseainesegud","8":"first","9":"instock","10":"sale","11":"taxable","12":"shipping-taxable","13":"purchasable","14":"product-type-simple"},"_links":{"self":[{"href":"https:\/\/pipraveski.ee\/en\/wp-json\/wp\/v2\/product\/1691","targetHints":{"allow":["GET"]}}],"collection":[{"href":"https:\/\/pipraveski.ee\/en\/wp-json\/wp\/v2\/product"}],"about":[{"href":"https:\/\/pipraveski.ee\/en\/wp-json\/wp\/v2\/types\/product"}],"wp:featuredmedia":[{"embeddable":true,"href":"https:\/\/pipraveski.ee\/en\/wp-json\/wp\/v2\/media\/1721"}],"wp:attachment":[{"href":"https:\/\/pipraveski.ee\/en\/wp-json\/wp\/v2\/media?parent=1691"}],"wp:term":[{"taxonomy":"product_brand","embeddable":true,"href":"https:\/\/pipraveski.ee\/en\/wp-json\/wp\/v2\/product_brand?post=1691"},{"taxonomy":"product_cat","embeddable":true,"href":"https:\/\/pipraveski.ee\/en\/wp-json\/wp\/v2\/product_cat?post=1691"},{"taxonomy":"product_tag","embeddable":true,"href":"https:\/\/pipraveski.ee\/en\/wp-json\/wp\/v2\/product_tag?post=1691"}],"curies":[{"name":"wp","href":"https:\/\/api.w.org\/{rel}","templated":true}]}}