{"id":1689,"date":"2025-10-22T19:07:14","date_gmt":"2025-10-22T16:07:14","guid":{"rendered":"https:\/\/pipraveski.ee\/?post_type=product&#038;p=1689"},"modified":"2026-04-17T11:33:15","modified_gmt":"2026-04-17T08:33:15","slug":"musta-pipra-kaste-lkk-350g","status":"publish","type":"product","link":"https:\/\/pipraveski.ee\/en\/product\/musta-pipra-kaste-lkk-350g\/","title":{"rendered":"Black pepper sauce, LKK 350g"},"content":{"rendered":"<p>\nKoostisosad:Vesi, suhkur, SOJAKASTE (vesi, sool, SOJAOAD, NISU, v\u00e4rv (E150a), gl\u00fckoosi-fruktoosisiirup, sool, p\u00e4rmiekstrakt (p\u00e4rmiekstrakt, vesi, sool), tomatipasta, musta pipra pulber 4%, veetustatud k\u00fc\u00fcslauk, modifitseeritud maisit\u00e4rklis, SOJA\u00d5LI, v\u00e4rvaine (e150c), hape (e330), l\u00f5hna- ja maitsetugevdajad (E631, E627).<\/p>\n<p>Allergeenid: Sojaoad ja nende j\u00e4\u00e4gid.<br \/>\nNisu ja selle j\u00e4\u00e4gid.<\/p>\n<p>Nutrition information per 100g:<br \/>\nEnergiasisaldus (kJ) 540 kJ\/&nbsp;(kcal) 120 kcal<br \/>\nrasvad 2,2 g<br \/>\nrasvhapped,<br \/>\nk\u00fcllastunud rasvhapped 0,4 g<br \/>\nS\u00fcsivesikud 22 g<br \/>\nValgud 4,1 g<\/p>","protected":false},"excerpt":{"rendered":"<p>Koostisosad:Vesi, suhkur, SOJAKASTE (vesi, sool, SOJAOAD, NISU, v\u00e4rv (E150a), gl\u00fckoosi-fruktoosisiirup, sool, p\u00e4rmiekstrakt (p\u00e4rmiekstrakt, vesi, sool), tomatipasta, musta pipra pulber 4%, veetustatud k\u00fc\u00fcslauk, modifitseeritud maisit\u00e4rklis, SOJA\u00d5LI, v\u00e4rvaine (e150c), hape (e330), l\u00f5hna- ja maitsetugevdajad (E631, E627). Allergeenid: Sojaoad ja nende j\u00e4\u00e4gid. Nisu ja selle j\u00e4\u00e4gid. Toitumisalane teave 100g kohta: Energiasisaldus (kJ) 540 kJ\/&nbsp;(kcal) 120 kcal rasvad 2,2 [&hellip;]<\/p>\n","protected":false},"featured_media":1719,"template":"","meta":[],"product_brand":[],"product_cat":[317],"product_tag":[],"class_list":{"0":"post-1689","1":"product","2":"type-product","3":"status-publish","4":"has-post-thumbnail","6":"product_cat-kastmed-sinepid-tsatnid","8":"first","9":"instock","10":"sale","11":"taxable","12":"shipping-taxable","13":"purchasable","14":"product-type-simple"},"_links":{"self":[{"href":"https:\/\/pipraveski.ee\/en\/wp-json\/wp\/v2\/product\/1689","targetHints":{"allow":["GET"]}}],"collection":[{"href":"https:\/\/pipraveski.ee\/en\/wp-json\/wp\/v2\/product"}],"about":[{"href":"https:\/\/pipraveski.ee\/en\/wp-json\/wp\/v2\/types\/product"}],"wp:featuredmedia":[{"embeddable":true,"href":"https:\/\/pipraveski.ee\/en\/wp-json\/wp\/v2\/media\/1719"}],"wp:attachment":[{"href":"https:\/\/pipraveski.ee\/en\/wp-json\/wp\/v2\/media?parent=1689"}],"wp:term":[{"taxonomy":"product_brand","embeddable":true,"href":"https:\/\/pipraveski.ee\/en\/wp-json\/wp\/v2\/product_brand?post=1689"},{"taxonomy":"product_cat","embeddable":true,"href":"https:\/\/pipraveski.ee\/en\/wp-json\/wp\/v2\/product_cat?post=1689"},{"taxonomy":"product_tag","embeddable":true,"href":"https:\/\/pipraveski.ee\/en\/wp-json\/wp\/v2\/product_tag?post=1689"}],"curies":[{"name":"wp","href":"https:\/\/api.w.org\/{rel}","templated":true}]}}