{"id":1653,"date":"2025-10-22T19:06:59","date_gmt":"2025-10-22T16:06:59","guid":{"rendered":"https:\/\/pipraveski.ee\/?post_type=product&#038;p=1653"},"modified":"2026-04-17T11:31:41","modified_gmt":"2026-04-17T08:31:41","slug":"vaniljekaunapasta-bourbon-500g","status":"publish","type":"product","link":"https:\/\/pipraveski.ee\/en\/product\/vaniljekaunapasta-bourbon-500g\/","title":{"rendered":"Vanilla paste, Bourbon, 500g"},"content":{"rendered":"<p>Vaniljepasta, mis on valmistatud t\u00f5elisest burbooni vaniljest. Sobib h\u00e4sti nii magusa kui ka soolasega.<\/p>\n<p>Toitumisalane teave 100 grammi kohta:<br \/>\n&nbsp;Energeetiline v\u00e4\u00e4rtus, 449kj \/106kcal<br \/>\n&nbsp;Fats 0,1g<br \/>\n&nbsp;Millest k\u00fcllastunud rasvad 0,1g<br \/>\n&nbsp;S\u00fcsivesikud 25,6g<br \/>\n&nbsp;Millest suhkrud 11,9g<br \/>\n&nbsp;Valgud 0,8g<br \/>\n&nbsp;Soola 0,5g<\/p>\n<p>&nbsp;<br \/>\n&nbsp;<\/p>","protected":false},"excerpt":{"rendered":"<p>Vaniljepasta, mis on valmistatud t\u00f5elisest burbooni vaniljest. Sobib h\u00e4sti nii magusa kui ka soolasega. Toitumisalane teave 100 grammi kohta: &nbsp;Energeetiline v\u00e4\u00e4rtus, 449kj \/106kcal &nbsp;Rasvad 0,1g &nbsp;Millest k\u00fcllastunud rasvad 0,1g &nbsp;S\u00fcsivesikud 25,6g &nbsp;Millest suhkrud 11,9g &nbsp;Valgud 0,8g &nbsp;Soola 0,5g &nbsp; &nbsp;<\/p>","protected":false},"featured_media":1683,"template":"","meta":[],"product_brand":[],"product_cat":[308],"product_tag":[],"class_list":{"0":"post-1653","1":"product","2":"type-product","3":"status-publish","4":"has-post-thumbnail","6":"product_cat-maitseaine-pastad-kastmed","8":"first","9":"outofstock","10":"taxable","11":"shipping-taxable","12":"purchasable","13":"product-type-simple"},"_links":{"self":[{"href":"https:\/\/pipraveski.ee\/en\/wp-json\/wp\/v2\/product\/1653","targetHints":{"allow":["GET"]}}],"collection":[{"href":"https:\/\/pipraveski.ee\/en\/wp-json\/wp\/v2\/product"}],"about":[{"href":"https:\/\/pipraveski.ee\/en\/wp-json\/wp\/v2\/types\/product"}],"wp:featuredmedia":[{"embeddable":true,"href":"https:\/\/pipraveski.ee\/en\/wp-json\/wp\/v2\/media\/1683"}],"wp:attachment":[{"href":"https:\/\/pipraveski.ee\/en\/wp-json\/wp\/v2\/media?parent=1653"}],"wp:term":[{"taxonomy":"product_brand","embeddable":true,"href":"https:\/\/pipraveski.ee\/en\/wp-json\/wp\/v2\/product_brand?post=1653"},{"taxonomy":"product_cat","embeddable":true,"href":"https:\/\/pipraveski.ee\/en\/wp-json\/wp\/v2\/product_cat?post=1653"},{"taxonomy":"product_tag","embeddable":true,"href":"https:\/\/pipraveski.ee\/en\/wp-json\/wp\/v2\/product_tag?post=1653"}],"curies":[{"name":"wp","href":"https:\/\/api.w.org\/{rel}","templated":true}]}}