{"id":1652,"date":"2025-10-22T19:06:59","date_gmt":"2025-10-22T16:06:59","guid":{"rendered":"https:\/\/pipraveski.ee\/?post_type=product&#038;p=1652"},"modified":"2026-04-17T11:31:54","modified_gmt":"2026-04-17T08:31:54","slug":"pulgakomm-sidrun-ja-habanero-1tk","status":"publish","type":"product","link":"https:\/\/pipraveski.ee\/en\/product\/pulgakomm-sidrun-ja-habanero-1tk\/","title":{"rendered":"Candy sticks, Lemon and Habanero, 1pc"},"content":{"rendered":"<div class=\"product--description\" style=\", sans-serif;font-size: 15px\">\n<p style=\"font-size: 0.975rem;line-height: 1.5rem;margin: 0rem 0rem 1.25rem\">V\u00e4rske, sidrunine ja eriti kuuma maitselisega&nbsp;pulgakomm.<\/p>\n<\/div>\n<h4 style=\"font-weight: 700;line-height: 1.625rem;margin: 0.625rem 0rem;, sans-serif;font-size: 1rem\">Hoiatus v\u00fcrtsikuse kohta.<br \/>\nKuumad ja v\u00fcrtsikad maiustused ei tohiks sattuda v\u00e4ikeste laste k\u00e4tte. Hoida turvalises kohas.<\/h4>\n<p>Koostisosad: Suhkur, gl\u00fckoosisiirup, hapestaja: sidrunhape, sidruni\u00f5li, toiduv\u00e4rv: kartamuse ekstrakt, paprika (t\u0161illi ekstrakt).<\/p>\n<p>Nutrition information per 100g:<br \/>\nEnergiasisaldus&nbsp; 1557 kj \/ 374 kcal<br \/>\nFats 0,0g<br \/>\nof which saturated fatty acids 0,0g<br \/>\nS\u00fcsivesikud 90,0g<br \/>\nmillest suhkrud 89,7g<br \/>\nValgud 0,1g<br \/>\nSalt 0,0g<\/p>","protected":false},"excerpt":{"rendered":"<p>V\u00e4rske, sidrunine ja eriti kuuma maitselisega&nbsp;pulgakomm. Hoiatus v\u00fcrtsikuse kohta. Kuumad ja v\u00fcrtsikad maiustused ei tohiks sattuda v\u00e4ikeste laste k\u00e4tte. Hoida turvalises kohas. Koostisosad: Suhkur, gl\u00fckoosisiirup, hapestaja: sidrunhape, sidruni\u00f5li, toiduv\u00e4rv: kartamuse ekstrakt, paprika (t\u0161illi ekstrakt). Toitumisalane teave 100g kohta: Energiasisaldus&nbsp; 1557 kj \/ 374 kcal Rasvad 0,0g millest k\u00fcllastunud rasvhapped 0,0g S\u00fcsivesikud 90,0g millest suhkrud 89,7g [&hellip;]<\/p>\n","protected":false},"featured_media":1682,"template":"","meta":[],"product_brand":[],"product_cat":[324],"product_tag":[],"class_list":{"0":"post-1652","1":"product","2":"type-product","3":"status-publish","4":"has-post-thumbnail","6":"product_cat-maiustused-snakid","8":"first","9":"outofstock","10":"taxable","11":"shipping-taxable","12":"purchasable","13":"product-type-simple"},"_links":{"self":[{"href":"https:\/\/pipraveski.ee\/en\/wp-json\/wp\/v2\/product\/1652","targetHints":{"allow":["GET"]}}],"collection":[{"href":"https:\/\/pipraveski.ee\/en\/wp-json\/wp\/v2\/product"}],"about":[{"href":"https:\/\/pipraveski.ee\/en\/wp-json\/wp\/v2\/types\/product"}],"wp:featuredmedia":[{"embeddable":true,"href":"https:\/\/pipraveski.ee\/en\/wp-json\/wp\/v2\/media\/1682"}],"wp:attachment":[{"href":"https:\/\/pipraveski.ee\/en\/wp-json\/wp\/v2\/media?parent=1652"}],"wp:term":[{"taxonomy":"product_brand","embeddable":true,"href":"https:\/\/pipraveski.ee\/en\/wp-json\/wp\/v2\/product_brand?post=1652"},{"taxonomy":"product_cat","embeddable":true,"href":"https:\/\/pipraveski.ee\/en\/wp-json\/wp\/v2\/product_cat?post=1652"},{"taxonomy":"product_tag","embeddable":true,"href":"https:\/\/pipraveski.ee\/en\/wp-json\/wp\/v2\/product_tag?post=1652"}],"curies":[{"name":"wp","href":"https:\/\/api.w.org\/{rel}","templated":true}]}}