{"id":1649,"date":"2025-10-22T19:06:59","date_gmt":"2025-10-22T16:06:59","guid":{"rendered":"https:\/\/pipraveski.ee\/?post_type=product&#038;p=1649"},"modified":"2026-04-17T11:31:37","modified_gmt":"2026-04-17T08:31:37","slug":"tikka-masala-vurtsipasta-ahg-50g","status":"publish","type":"product","link":"https:\/\/pipraveski.ee\/en\/product\/tikka-masala-vurtsipasta-ahg-50g\/","title":{"rendered":"Tikka Masala spice paste, AHG, 50g"},"content":{"rendered":"<p>V\u00fcrtsipasta indiap\u00e4rasele Tikka Masala karrile. Maheda maitsega.<\/p>\n<p>Ei ole lisatud MSG-d, s\u00e4ilitusained ega kunstlikke v\u00e4rvaineid.<\/p>\n<p>Preparation (4 servings):<br \/>\n<em>1 pakk Tikka Masala v\u00fcrtsipastat &#8211; 450g kanaliha, t\u00fckeldatud &#8211; 3 spl kookoskreemi v\u00f5i jogurtit &#8211; 1 spl k\u00f6\u00f6givilja \u00f5li &#8211; 1 suur sibul, peeneks hakitud &#8211; 110ml vett (1\/2 tassi) &#8211; garneeringuks jogurtit v\u00f5i koort (valikuline).<\/em><br \/>\nMarineeri liha jogurti ja v\u00fcrtsipasta segus ca 10 min. Kuumuta \u00f5li pannil ja pruunista sibul. Lisa pannile marineeritud liha ja prae pidevalt segades 3 min. Lisa vesi ning aja korraks keema. Alanda kuumust ja lase kaane all podiseda ca 15 min (v\u00f5i kuni valmimiseni) aeg-ajalt segades. Garneeri jogurti \/ koorega ja serveeri soojalt basmati riisi, naan leiva v\u00f5i v\u00e4rske salatiga.<\/p>\n<p>Koostisosad: tomatipasta (15%), SOJA\u00f5li, destilleeritud \u00e4\u00e4dikas, sibul, sool, ingver, k\u00fc\u00fcslauk, koriander, t\u0161illi, lambal\u00e4\u00e4ts, v\u00fcrtsk\u00f6\u00f6mned, \u00fcrdid ja v\u00fcrtsid, v\u00e4rvaine: paprikaekstrakt, kurkum.<br \/>\nPeale avamist tarvitada koheselt.<\/p>\n<p>Nutrition information per 100g:<br \/>\nEnergiasisaldus 850kJ\/203kcal<br \/>\nFats 16g<br \/>\nmillest k\u00fcllastunud rasvhapped 2,3g<br \/>\nS\u00fcsivesikud 8,6g<br \/>\nmillest suhkrud 5,5g<br \/>\nKuidaineid 7g<br \/>\nProtein 3,7g<br \/>\nSool 11,5g<\/p>\n<p>Country of origin: Thailand<\/p>","protected":false},"excerpt":{"rendered":"<p>V\u00fcrtsipasta indiap\u00e4rasele tikka masala karrile<\/p>","protected":false},"featured_media":1679,"template":"","meta":[],"product_brand":[266],"product_cat":[308],"product_tag":[],"class_list":{"0":"post-1649","1":"product","2":"type-product","3":"status-publish","4":"has-post-thumbnail","6":"product_brand-ahg","7":"product_cat-maitseaine-pastad-kastmed","9":"first","10":"instock","11":"taxable","12":"shipping-taxable","13":"purchasable","14":"product-type-simple"},"_links":{"self":[{"href":"https:\/\/pipraveski.ee\/en\/wp-json\/wp\/v2\/product\/1649","targetHints":{"allow":["GET"]}}],"collection":[{"href":"https:\/\/pipraveski.ee\/en\/wp-json\/wp\/v2\/product"}],"about":[{"href":"https:\/\/pipraveski.ee\/en\/wp-json\/wp\/v2\/types\/product"}],"wp:featuredmedia":[{"embeddable":true,"href":"https:\/\/pipraveski.ee\/en\/wp-json\/wp\/v2\/media\/1679"}],"wp:attachment":[{"href":"https:\/\/pipraveski.ee\/en\/wp-json\/wp\/v2\/media?parent=1649"}],"wp:term":[{"taxonomy":"product_brand","embeddable":true,"href":"https:\/\/pipraveski.ee\/en\/wp-json\/wp\/v2\/product_brand?post=1649"},{"taxonomy":"product_cat","embeddable":true,"href":"https:\/\/pipraveski.ee\/en\/wp-json\/wp\/v2\/product_cat?post=1649"},{"taxonomy":"product_tag","embeddable":true,"href":"https:\/\/pipraveski.ee\/en\/wp-json\/wp\/v2\/product_tag?post=1649"}],"curies":[{"name":"wp","href":"https:\/\/api.w.org\/{rel}","templated":true}]}}