{"id":1647,"date":"2025-10-22T19:06:59","date_gmt":"2025-10-22T16:06:59","guid":{"rendered":"https:\/\/pipraveski.ee\/?post_type=product&#038;p=1647"},"modified":"2026-04-17T11:33:18","modified_gmt":"2026-04-17T08:33:18","slug":"sriracha-tsillikaste-terav-455ml","status":"publish","type":"product","link":"https:\/\/pipraveski.ee\/en\/product\/sriracha-tsillikaste-terav-455ml\/","title":{"rendered":"Sriracha t\u0161illikaste, terav, 455ml"},"content":{"rendered":"<p>Sriracha t\u0161illikaste terav.<\/p>\n<p>Koostisosad: t\u0161illi 61%, suhkrusiirup, k\u00fc\u00fcslauk, sool, vesi, happesuse regulaatorid: \u00e4\u00e4dikhape ja sidrunhape, maitsetugevdaja: E621, stabilisaator: ksantaankummi, s\u00e4ilitusaine kaaliumsorbaat.<br \/>\nPeale avamist s\u00e4ilitada k\u00fclmikus ja tarbida 8 n\u00e4dala jooksul.<\/p>\n<p>Toitev\u00e4\u00e4rtus 100ml kohta:<br \/>\nEnergiasisaldus 585kJ\/139kcal<br \/>\nRasvad 1,2g<br \/>\nof which saturated fatty acids 0,2g<br \/>\nS\u00fcsivesikuid 28g<br \/>\nmillest suhkruid 22g<br \/>\nKiudained 3,1g<br \/>\nValgud 2,3g<br \/>\nSool 7,3g<\/p>","protected":false},"excerpt":{"rendered":"<p>Sriracha t\u0161illikaste terav<\/p>","protected":false},"featured_media":1677,"template":"","meta":[],"product_brand":[],"product_cat":[317],"product_tag":[],"class_list":{"0":"post-1647","1":"product","2":"type-product","3":"status-publish","4":"has-post-thumbnail","6":"product_cat-kastmed-sinepid-tsatnid","8":"first","9":"outofstock","10":"taxable","11":"shipping-taxable","12":"purchasable","13":"product-type-simple"},"_links":{"self":[{"href":"https:\/\/pipraveski.ee\/en\/wp-json\/wp\/v2\/product\/1647","targetHints":{"allow":["GET"]}}],"collection":[{"href":"https:\/\/pipraveski.ee\/en\/wp-json\/wp\/v2\/product"}],"about":[{"href":"https:\/\/pipraveski.ee\/en\/wp-json\/wp\/v2\/types\/product"}],"wp:featuredmedia":[{"embeddable":true,"href":"https:\/\/pipraveski.ee\/en\/wp-json\/wp\/v2\/media\/1677"}],"wp:attachment":[{"href":"https:\/\/pipraveski.ee\/en\/wp-json\/wp\/v2\/media?parent=1647"}],"wp:term":[{"taxonomy":"product_brand","embeddable":true,"href":"https:\/\/pipraveski.ee\/en\/wp-json\/wp\/v2\/product_brand?post=1647"},{"taxonomy":"product_cat","embeddable":true,"href":"https:\/\/pipraveski.ee\/en\/wp-json\/wp\/v2\/product_cat?post=1647"},{"taxonomy":"product_tag","embeddable":true,"href":"https:\/\/pipraveski.ee\/en\/wp-json\/wp\/v2\/product_tag?post=1647"}],"curies":[{"name":"wp","href":"https:\/\/api.w.org\/{rel}","templated":true}]}}