{"id":1645,"date":"2025-10-22T19:06:59","date_gmt":"2025-10-22T16:06:59","guid":{"rendered":"https:\/\/pipraveski.ee\/?post_type=product&#038;p=1645"},"modified":"2026-04-17T11:32:09","modified_gmt":"2026-04-17T08:32:09","slug":"marie-sharps-pure-love-sauce-148ml","status":"publish","type":"product","link":"https:\/\/pipraveski.ee\/en\/product\/marie-sharps-pure-love-sauce-148ml\/","title":{"rendered":"Marie Sharps Pure Love Sauce, 148ml"},"content":{"rendered":"<p>Sule silmad ja maitse Kariibi mere elur\u00f5\u00f5mu. M\u00f5nus Habanero kuumus puuviljase v\u00f5imsa ananassi maitsega. Karride, linnuliha, vegan- ja loominguliste k\u00f6\u00f6kide jaoks. Puhas armastus!<\/p>\n<p>Koostisosad:&nbsp;Ananassip\u00fcree (51,7%), habanero t\u0161illi (17,4%), veini\u00e4\u00e4dikas, sibul, sool, laimimahl, k\u00fc\u00fcslauk.<\/p>\n<p><span style=\"font-size: 13px\">Nutrition information per 100 ml<\/span><br style=\"font-size: 13px\" \/><br \/>\n<span style=\"font-size: 13px\">Energiasisaldus 215 kj\/ 51kcal<\/span><br style=\"font-size: 13px\" \/><br \/>\n<span style=\"font-size: 13px\">Fats 0,3 g<\/span><br style=\"font-size: 13px\" \/><br \/>\n<span style=\"font-size: 13px\">of which saturated fatty acids 0,0g<\/span><br style=\"font-size: 13px\" \/><br \/>\n<span style=\"font-size: 13px\">Carbohydrates 10g<\/span><br style=\"font-size: 13px\" \/><br \/>\n<span style=\"font-size: 13px\">millest suhkrud 8,8g<\/span><br style=\"font-size: 13px\" \/><br \/>\n<span style=\"font-size: 13px\">Valgud 1,0 g<\/span><br style=\"font-size: 13px\" \/><br \/>\n<span style=\"font-size: 13px\">Salt 4,7g<\/p>\n<p>Country of origin: Belize<\/span><\/p>","protected":false},"excerpt":{"rendered":"<p>Belizesi p\u00e4ikese all valminud kuldkollased magusad ananassid koos Marie enda kasvatatud maailmakuulsate Habanero paprikatega. <\/p>","protected":false},"featured_media":1675,"template":"","meta":[],"product_brand":[],"product_cat":[317],"product_tag":[],"class_list":{"0":"post-1645","1":"product","2":"type-product","3":"status-publish","4":"has-post-thumbnail","6":"product_cat-kastmed-sinepid-tsatnid","8":"first","9":"outofstock","10":"taxable","11":"shipping-taxable","12":"purchasable","13":"product-type-simple"},"_links":{"self":[{"href":"https:\/\/pipraveski.ee\/en\/wp-json\/wp\/v2\/product\/1645","targetHints":{"allow":["GET"]}}],"collection":[{"href":"https:\/\/pipraveski.ee\/en\/wp-json\/wp\/v2\/product"}],"about":[{"href":"https:\/\/pipraveski.ee\/en\/wp-json\/wp\/v2\/types\/product"}],"wp:featuredmedia":[{"embeddable":true,"href":"https:\/\/pipraveski.ee\/en\/wp-json\/wp\/v2\/media\/1675"}],"wp:attachment":[{"href":"https:\/\/pipraveski.ee\/en\/wp-json\/wp\/v2\/media?parent=1645"}],"wp:term":[{"taxonomy":"product_brand","embeddable":true,"href":"https:\/\/pipraveski.ee\/en\/wp-json\/wp\/v2\/product_brand?post=1645"},{"taxonomy":"product_cat","embeddable":true,"href":"https:\/\/pipraveski.ee\/en\/wp-json\/wp\/v2\/product_cat?post=1645"},{"taxonomy":"product_tag","embeddable":true,"href":"https:\/\/pipraveski.ee\/en\/wp-json\/wp\/v2\/product_tag?post=1645"}],"curies":[{"name":"wp","href":"https:\/\/api.w.org\/{rel}","templated":true}]}}