{"id":1644,"date":"2025-10-22T19:06:59","date_gmt":"2025-10-22T16:06:59","guid":{"rendered":"https:\/\/pipraveski.ee\/?post_type=product&#038;p=1644"},"modified":"2026-04-17T11:33:14","modified_gmt":"2026-04-17T08:33:14","slug":"terav-tsillikaste-yeos-300ml","status":"publish","type":"product","link":"https:\/\/pipraveski.ee\/en\/product\/terav-tsillikaste-yeos-300ml\/","title":{"rendered":"Terav t\u0161illikaste, Yeo`s, 300ml"},"content":{"rendered":"<p>Olenemata sellest, kas seda kasutatakse dipikastme v\u00f5i toiduvalmistamise koostisosana, annab see linnulihale, mereandidele, lihale ja k\u00f6\u00f6giviljadele julge s\u00e4rtsu.<br \/>\nSee kaste on Kagu-Aasia k\u00f6\u00f6kide lemmik ja sobib suurep\u00e4raselt grilliroogade, kevadrullide ja isegi kala ja friikartulitega. Oma j\u00f5ulise maitse ja pehme tekstuuriga on see ideaalne v\u00fcrtside austajatele, kes otsivad autentset v\u00fcrtsikust.&nbsp;<\/p>\n<p>Koostisosad:&nbsp;Vesi, t\u0161illi, suhkur, k\u00fc\u00fcslauk, modifitseeritud maisit\u00e4rklis, sool, \u00e4\u00e4dikhape<\/p>\n<p><span style=\"font-size: 13px\">Nutrition information per 100g:<\/span><br style=\"font-size: 13px\" \/><br \/>\n<span style=\"font-size: 13px\">Energiasisaldus 563 kJ \/ 133 kcal<\/span><br style=\"font-size: 13px\" \/><br \/>\n<span style=\"font-size: 13px\">Fats 0,7g<\/span><br style=\"font-size: 13px\" \/><br \/>\n<span style=\"font-size: 13px\">of which saturated fatty acids 0,1g<\/span><br style=\"font-size: 13px\" \/><br \/>\n<span style=\"font-size: 13px\">S\u00fcsivesikud 30 g<\/span><br style=\"font-size: 13px\" \/><br \/>\n<span style=\"font-size: 13px\">of which sugars 28 g<\/span><br style=\"font-size: 13px\" \/><br \/>\n<span style=\"font-size: 13px\">Protein 0,6 g<\/span><br style=\"font-size: 13px\" \/><br \/>\n<span style=\"font-size: 13px\">Salt 4,0 g<\/span><\/p>","protected":false},"excerpt":{"rendered":"<p>Yeo t\u0161illikaste on tuline ja maitsev kaste, mis on valmistatud ehtsast t\u0161illist, k\u00fc\u00fcslaugust ja v\u00fcrtsidest. See sobib suurep\u00e4raselt marinaadide, vokiroogade, pasta ja hautiste v\u00fcrtsitamiseks. <\/p>","protected":false},"featured_media":5425,"template":"","meta":[],"product_brand":[],"product_cat":[317],"product_tag":[],"class_list":{"0":"post-1644","1":"product","2":"type-product","3":"status-publish","4":"has-post-thumbnail","6":"product_cat-kastmed-sinepid-tsatnid","8":"first","9":"instock","10":"taxable","11":"shipping-taxable","12":"purchasable","13":"product-type-simple"},"_links":{"self":[{"href":"https:\/\/pipraveski.ee\/en\/wp-json\/wp\/v2\/product\/1644","targetHints":{"allow":["GET"]}}],"collection":[{"href":"https:\/\/pipraveski.ee\/en\/wp-json\/wp\/v2\/product"}],"about":[{"href":"https:\/\/pipraveski.ee\/en\/wp-json\/wp\/v2\/types\/product"}],"wp:featuredmedia":[{"embeddable":true,"href":"https:\/\/pipraveski.ee\/en\/wp-json\/wp\/v2\/media\/5425"}],"wp:attachment":[{"href":"https:\/\/pipraveski.ee\/en\/wp-json\/wp\/v2\/media?parent=1644"}],"wp:term":[{"taxonomy":"product_brand","embeddable":true,"href":"https:\/\/pipraveski.ee\/en\/wp-json\/wp\/v2\/product_brand?post=1644"},{"taxonomy":"product_cat","embeddable":true,"href":"https:\/\/pipraveski.ee\/en\/wp-json\/wp\/v2\/product_cat?post=1644"},{"taxonomy":"product_tag","embeddable":true,"href":"https:\/\/pipraveski.ee\/en\/wp-json\/wp\/v2\/product_tag?post=1644"}],"curies":[{"name":"wp","href":"https:\/\/api.w.org\/{rel}","templated":true}]}}