{"id":1642,"date":"2025-10-22T19:06:59","date_gmt":"2025-10-22T16:06:59","guid":{"rendered":"https:\/\/pipraveski.ee\/?post_type=product&#038;p=1642"},"modified":"2026-04-17T11:32:06","modified_gmt":"2026-04-17T08:32:06","slug":"mangopuree-kesar-swad-450g","status":"publish","type":"product","link":"https:\/\/pipraveski.ee\/en\/product\/mangopuree-kesar-swad-450g\/","title":{"rendered":"Mango puree, Kesar, Swad, 450g"},"content":{"rendered":"<p>Ingredients:Kesar mangoes(92%), sugar(5%), water,acidity regulator:citric acid.<\/p>\n<p><span style=\"font-size: 13px\">Nutrition information per 100g:<\/span><br style=\"font-size: 13px\" \/><br \/>\n<span style=\"font-size: 13px\">Energy content 426 kJ \/ 102 kcal<\/span><br style=\"font-size: 13px\" \/><br \/>\n<span style=\"font-size: 13px\">Fats 0g<\/span><br style=\"font-size: 13px\" \/><br \/>\n<span style=\"font-size: 13px\">of which saturated fatty acids 0g<\/span><br style=\"font-size: 13px\" \/><br \/>\n<span style=\"font-size: 13px\">Carbohydrates 25 g<\/span><br style=\"font-size: 13px\" \/><br \/>\n<span style=\"font-size: 13px\">of which sugars 17 g<\/span><br style=\"font-size: 13px\" \/><br \/>\n<span style=\"font-size: 13px\">Protein 0 g<\/span><br style=\"font-size: 13px\" \/><br \/>\n<span style=\"font-size: 13px\">Salt 0 g<\/span><\/p>\n<p>After opening, refrigerate in another container for a maximum of 2 days.<\/p>\n<p>Country of origin: India<\/p>","protected":false},"excerpt":{"rendered":"<p>Koostisained: Kesar mangod(92%), suhkur(5%), vesi,happesuse regulaator:sidrunhape. Toitumisalane teave 100g kohta: Energiasisaldus 426 kJ \/ 102 kcal Rasvad 0g millest k\u00fcllastunud rasvhapped 0g S\u00fcsivesikud 25 g millest suhkrud 17 g Valgud 0 g Sool 0 g Peale avamist s\u00e4litada k\u00fclmkapis, teises anumas, maksimaalselt 2 p\u00e4eva. P\u00e4ritolumaa: India<\/p>","protected":false},"featured_media":1672,"template":"","meta":[],"product_brand":[],"product_cat":[322],"product_tag":[],"class_list":{"0":"post-1642","1":"product","2":"type-product","3":"status-publish","4":"has-post-thumbnail","6":"product_cat-magusad-hoidised","8":"first","9":"instock","10":"taxable","11":"shipping-taxable","12":"purchasable","13":"product-type-simple"},"_links":{"self":[{"href":"https:\/\/pipraveski.ee\/en\/wp-json\/wp\/v2\/product\/1642","targetHints":{"allow":["GET"]}}],"collection":[{"href":"https:\/\/pipraveski.ee\/en\/wp-json\/wp\/v2\/product"}],"about":[{"href":"https:\/\/pipraveski.ee\/en\/wp-json\/wp\/v2\/types\/product"}],"wp:featuredmedia":[{"embeddable":true,"href":"https:\/\/pipraveski.ee\/en\/wp-json\/wp\/v2\/media\/1672"}],"wp:attachment":[{"href":"https:\/\/pipraveski.ee\/en\/wp-json\/wp\/v2\/media?parent=1642"}],"wp:term":[{"taxonomy":"product_brand","embeddable":true,"href":"https:\/\/pipraveski.ee\/en\/wp-json\/wp\/v2\/product_brand?post=1642"},{"taxonomy":"product_cat","embeddable":true,"href":"https:\/\/pipraveski.ee\/en\/wp-json\/wp\/v2\/product_cat?post=1642"},{"taxonomy":"product_tag","embeddable":true,"href":"https:\/\/pipraveski.ee\/en\/wp-json\/wp\/v2\/product_tag?post=1642"}],"curies":[{"name":"wp","href":"https:\/\/api.w.org\/{rel}","templated":true}]}}