{"id":1641,"date":"2025-10-22T19:06:59","date_gmt":"2025-10-22T16:06:59","guid":{"rendered":"https:\/\/pipraveski.ee\/?post_type=product&#038;p=1641"},"modified":"2026-04-17T11:32:44","modified_gmt":"2026-04-17T08:32:44","slug":"hiina-stiilis-salat-magushapu-340g","status":"publish","type":"product","link":"https:\/\/pipraveski.ee\/en\/product\/hiina-stiilis-salat-magushapu-340g\/","title":{"rendered":"Chinese style salad, sweet and sour, 340g"},"content":{"rendered":"<p>\n<span style=\"font-weight: 700;, Helvetica, Arial, sans-serif;font-size: 16px\"><span style=\"font-size:12px\">Ingredients:&nbsp;<\/span><\/span><span style=\", Helvetica, Arial, sans-serif;font-size: 16px\"><span style=\"font-size:12px\">water, mung bean sprouts, white cabbage, sugar, carrot, paprika, corn kernels, bamboo shoots, natural vinegar, black mushrooms, salt, flavouring, E300.&nbsp;<br \/>\nAllergens: This product may contain traces of celery and nuts.<\/span><\/span><\/p>\n<p><span style=\"font-size: 13px\">Nutrition information per 100g<\/span><br style=\"font-size: 13px\" \/><br \/>\n<span style=\"font-size: 13px\">Energy 190kJ \/ 45 kcal<\/span><br style=\"font-size: 13px\" \/><br \/>\n<span style=\"font-size: 13px\">Fat 0 g<\/span><br style=\"font-size: 13px\" \/><br \/>\n<span style=\"font-size: 13px\">of which saturated fats 0g<\/span><br style=\"font-size: 13px\" \/><br \/>\n<span style=\"font-size: 13px\">Carbohydrates 8 g<\/span><br style=\"font-size: 13px\" \/><br \/>\n<span style=\"font-size: 13px\">of which sugars 7 g<\/span><br style=\"font-size: 13px\" \/><br \/>\n<span style=\"font-size: 13px\">Protein 2 g<\/span><br style=\"font-size: 13px\" \/><br \/>\n<span style=\"font-size: 13px\">Salt 1,1 g<\/span><\/p>\n<p>&nbsp;<\/p>","protected":false},"excerpt":{"rendered":"<p>Koostisosad:&nbsp;vesi, mungaoa idud, valge kapsas, suhkur, porgand, paprika maisit\u00f5lvikud, bambusev\u00f5rsed, looduslik \u00e4\u00e4dikas, mustad seened, sool, l\u00f5hna- ja maitseaine, E300.&nbsp; Allergeenid: See toode v\u00f5ib sisaldada v\u00e4hesel m\u00e4\u00e4ral sellerit ja p\u00e4hkleid. Toitumisalane teave 100g kohta Energia 190kJ \/ 45 kcal Rasv 0 g millest k\u00fcllastunud rasvu 0g S\u00fcsivesikuid 8 g millest suhkrud 7 g Valk 2 g [&hellip;]<\/p>\n","protected":false},"featured_media":1671,"template":"","meta":[],"product_brand":[],"product_cat":[323],"product_tag":[],"class_list":{"0":"post-1641","1":"product","2":"type-product","3":"status-publish","4":"has-post-thumbnail","6":"product_cat-konservid","8":"first","9":"instock","10":"sale","11":"taxable","12":"shipping-taxable","13":"purchasable","14":"product-type-simple"},"_links":{"self":[{"href":"https:\/\/pipraveski.ee\/en\/wp-json\/wp\/v2\/product\/1641","targetHints":{"allow":["GET"]}}],"collection":[{"href":"https:\/\/pipraveski.ee\/en\/wp-json\/wp\/v2\/product"}],"about":[{"href":"https:\/\/pipraveski.ee\/en\/wp-json\/wp\/v2\/types\/product"}],"wp:featuredmedia":[{"embeddable":true,"href":"https:\/\/pipraveski.ee\/en\/wp-json\/wp\/v2\/media\/1671"}],"wp:attachment":[{"href":"https:\/\/pipraveski.ee\/en\/wp-json\/wp\/v2\/media?parent=1641"}],"wp:term":[{"taxonomy":"product_brand","embeddable":true,"href":"https:\/\/pipraveski.ee\/en\/wp-json\/wp\/v2\/product_brand?post=1641"},{"taxonomy":"product_cat","embeddable":true,"href":"https:\/\/pipraveski.ee\/en\/wp-json\/wp\/v2\/product_cat?post=1641"},{"taxonomy":"product_tag","embeddable":true,"href":"https:\/\/pipraveski.ee\/en\/wp-json\/wp\/v2\/product_tag?post=1641"}],"curies":[{"name":"wp","href":"https:\/\/api.w.org\/{rel}","templated":true}]}}