{"id":1640,"date":"2025-10-22T19:06:59","date_gmt":"2025-10-22T16:06:59","guid":{"rendered":"https:\/\/pipraveski.ee\/?post_type=product&#038;p=1640"},"modified":"2026-04-17T11:32:44","modified_gmt":"2026-04-17T08:32:44","slug":"mungoa-idud-soolvees-340g","status":"publish","type":"product","link":"https:\/\/pipraveski.ee\/en\/product\/mungoa-idud-soolvees-340g\/","title":{"rendered":"Mung bean sprouts in brine, 340g"},"content":{"rendered":"<p>Mungoa idud soolvees on hea kr\u00f5mpsuv lisand wokkidele ja salatitele.<\/p>\n<p>Koostisosad: mungoa idud, vesi, suhkur, sool, sidrunhape, antioks\u00fcdant E300.<br \/>\nV\u00f5ib sisaldada selleri j\u00e4\u00e4ke.<\/p>\n<p>Nutrition information per 100g:<br \/>\nEnergiasisaldus 136kJ\/33kcal<br \/>\nFats &lt;0,5g<br \/>\nof which saturated fatty acids 0g<br \/>\nS\u00fcsivesikud 4,4g<br \/>\nof which sugars 3,6g<br \/>\nProtein 2g<br \/>\nSalt 0,5g<\/p>","protected":false},"excerpt":{"rendered":"<p>Hea kr\u00f5mpsuv lisand wokkidele ja salatitele<\/p>","protected":false},"featured_media":1670,"template":"","meta":[],"product_brand":[],"product_cat":[323],"product_tag":[],"class_list":{"0":"post-1640","1":"product","2":"type-product","3":"status-publish","4":"has-post-thumbnail","6":"product_cat-konservid","8":"first","9":"instock","10":"taxable","11":"shipping-taxable","12":"purchasable","13":"product-type-simple"},"_links":{"self":[{"href":"https:\/\/pipraveski.ee\/en\/wp-json\/wp\/v2\/product\/1640","targetHints":{"allow":["GET"]}}],"collection":[{"href":"https:\/\/pipraveski.ee\/en\/wp-json\/wp\/v2\/product"}],"about":[{"href":"https:\/\/pipraveski.ee\/en\/wp-json\/wp\/v2\/types\/product"}],"wp:featuredmedia":[{"embeddable":true,"href":"https:\/\/pipraveski.ee\/en\/wp-json\/wp\/v2\/media\/1670"}],"wp:attachment":[{"href":"https:\/\/pipraveski.ee\/en\/wp-json\/wp\/v2\/media?parent=1640"}],"wp:term":[{"taxonomy":"product_brand","embeddable":true,"href":"https:\/\/pipraveski.ee\/en\/wp-json\/wp\/v2\/product_brand?post=1640"},{"taxonomy":"product_cat","embeddable":true,"href":"https:\/\/pipraveski.ee\/en\/wp-json\/wp\/v2\/product_cat?post=1640"},{"taxonomy":"product_tag","embeddable":true,"href":"https:\/\/pipraveski.ee\/en\/wp-json\/wp\/v2\/product_tag?post=1640"}],"curies":[{"name":"wp","href":"https:\/\/api.w.org\/{rel}","templated":true}]}}