{"id":1638,"date":"2025-10-22T19:06:59","date_gmt":"2025-10-22T16:06:59","guid":{"rendered":"https:\/\/pipraveski.ee\/?post_type=product&#038;p=1638"},"modified":"2026-04-17T11:32:34","modified_gmt":"2026-04-17T08:32:34","slug":"sailituskarp-mason-valge-190g","status":"publish","type":"product","link":"https:\/\/pipraveski.ee\/en\/product\/sailituskarp-mason-valge-190g\/","title":{"rendered":"S\u00e4ilituskarp &#8220;Mason&#8221;, valge, 190g"},"content":{"rendered":"<p>Ilus purk tee v\u00f5i muude kuivainete hoiustamiseks.<\/p>\n<p>K\u00f5rgus 13 cm, \u00d8 8.6 cm<\/p>","protected":false},"excerpt":{"rendered":"<p>Ilus purk tee v\u00f5i muude kuivainete hoiustamiseks. K\u00f5rgus 13 cm, \u00d8 8.6 cm<\/p>","protected":false},"featured_media":1668,"template":"","meta":[],"product_brand":[239],"product_cat":[330],"product_tag":[],"class_list":{"0":"post-1638","1":"product","2":"type-product","3":"status-publish","4":"has-post-thumbnail","6":"product_brand-chacult-gmbh","7":"product_cat-koogitarvikud","9":"first","10":"outofstock","11":"taxable","12":"shipping-taxable","13":"purchasable","14":"product-type-simple"},"_links":{"self":[{"href":"https:\/\/pipraveski.ee\/en\/wp-json\/wp\/v2\/product\/1638","targetHints":{"allow":["GET"]}}],"collection":[{"href":"https:\/\/pipraveski.ee\/en\/wp-json\/wp\/v2\/product"}],"about":[{"href":"https:\/\/pipraveski.ee\/en\/wp-json\/wp\/v2\/types\/product"}],"wp:featuredmedia":[{"embeddable":true,"href":"https:\/\/pipraveski.ee\/en\/wp-json\/wp\/v2\/media\/1668"}],"wp:attachment":[{"href":"https:\/\/pipraveski.ee\/en\/wp-json\/wp\/v2\/media?parent=1638"}],"wp:term":[{"taxonomy":"product_brand","embeddable":true,"href":"https:\/\/pipraveski.ee\/en\/wp-json\/wp\/v2\/product_brand?post=1638"},{"taxonomy":"product_cat","embeddable":true,"href":"https:\/\/pipraveski.ee\/en\/wp-json\/wp\/v2\/product_cat?post=1638"},{"taxonomy":"product_tag","embeddable":true,"href":"https:\/\/pipraveski.ee\/en\/wp-json\/wp\/v2\/product_tag?post=1638"}],"curies":[{"name":"wp","href":"https:\/\/api.w.org\/{rel}","templated":true}]}}