{"id":1637,"date":"2025-10-22T19:06:59","date_gmt":"2025-10-22T16:06:59","guid":{"rendered":"https:\/\/pipraveski.ee\/?post_type=product&#038;p=1637"},"modified":"2026-04-17T11:33:10","modified_gmt":"2026-04-17T08:33:10","slug":"gyros-rhodos-40g","status":"publish","type":"product","link":"https:\/\/pipraveski.ee\/en\/product\/gyros-rhodos-40g\/","title":{"rendered":"Gyros Rhodes, HELA, 40g"},"content":{"rendered":"<p>Kreekap\u00e4raste liharoogade, panniroogade ja guljashide valmistamiseks.<\/p>\n<p>Koostisosad: v\u00fcrtsid ja maitsetaimed, puljong [h\u00fcdrol\u00fc\u00fcsitud taimne valk (rapsi, maisi), sool, palmirasv, v\u00fcrtsid].<br \/>\n<strong>Suuremat pakendit soovides ootame teie e-kirja aadressile myyk@pipraveski.ee<\/strong><\/p>\n","protected":false},"excerpt":{"rendered":"<p>Kreekap\u00e4raste liharoogade, panniroogade ja guljashide valmistamiseks. Koostisosad: v\u00fcrtsid ja maitsetaimed, puljong [h\u00fcdrol\u00fc\u00fcsitud taimne valk (rapsi, maisi), sool, palmirasv, v\u00fcrtsid]. Suuremat pakendit soovides ootame teie e-kirja aadressile myyk@pipraveski.ee<\/p>\n","protected":false},"featured_media":1667,"template":"","meta":[],"product_brand":[244],"product_cat":[307],"product_tag":[],"class_list":{"0":"post-1637","1":"product","2":"type-product","3":"status-publish","4":"has-post-thumbnail","6":"product_brand-hela","7":"product_cat-maitseainesegud","9":"first","10":"instock","11":"sale","12":"taxable","13":"shipping-taxable","14":"purchasable","15":"product-type-simple"},"_links":{"self":[{"href":"https:\/\/pipraveski.ee\/en\/wp-json\/wp\/v2\/product\/1637","targetHints":{"allow":["GET"]}}],"collection":[{"href":"https:\/\/pipraveski.ee\/en\/wp-json\/wp\/v2\/product"}],"about":[{"href":"https:\/\/pipraveski.ee\/en\/wp-json\/wp\/v2\/types\/product"}],"wp:featuredmedia":[{"embeddable":true,"href":"https:\/\/pipraveski.ee\/en\/wp-json\/wp\/v2\/media\/1667"}],"wp:attachment":[{"href":"https:\/\/pipraveski.ee\/en\/wp-json\/wp\/v2\/media?parent=1637"}],"wp:term":[{"taxonomy":"product_brand","embeddable":true,"href":"https:\/\/pipraveski.ee\/en\/wp-json\/wp\/v2\/product_brand?post=1637"},{"taxonomy":"product_cat","embeddable":true,"href":"https:\/\/pipraveski.ee\/en\/wp-json\/wp\/v2\/product_cat?post=1637"},{"taxonomy":"product_tag","embeddable":true,"href":"https:\/\/pipraveski.ee\/en\/wp-json\/wp\/v2\/product_tag?post=1637"}],"curies":[{"name":"wp","href":"https:\/\/api.w.org\/{rel}","templated":true}]}}