{"id":1633,"date":"2025-10-22T19:06:59","date_gmt":"2025-10-22T16:06:59","guid":{"rendered":"https:\/\/pipraveski.ee\/?post_type=product&#038;p=1633"},"modified":"2026-04-17T11:32:25","modified_gmt":"2026-04-17T08:32:25","slug":"lihapehmendaja-200g","status":"publish","type":"product","link":"https:\/\/pipraveski.ee\/en\/product\/lihapehmendaja-200g\/","title":{"rendered":"Meat tenderizer, HELA, 200g"},"content":{"rendered":"<p>Meat tenderizer is a powder made from natural papaya fruit extract (papain) used in the preparation of meat products.<br \/>\nIt is particularly suitable for use with game and beef, but also sheep and pork. Not suitable for poultry meat!<br \/>\nThe meat is rubbed together with a meat tenderizer and left to stand for up to 1 day (depending on the tenderness of the meat - less for pork, but more for game).<br \/>\nIt is advisable (due to the high salt content) to wash the meat after the softening process and then season to taste.<br \/>\nNext, the meat can be boiled, grilled, fried, etc. In the case of bone-in meat, the meat tenderiser results in meat that comes off the bone more easily.<br \/>\n<strong>Suuremat pakendit soovides ootame teie e-kirja aadressile myyk@pipraveski.ee<\/strong><\/p>\n<p>Consumption standard: 15-20g per 1 kg. Ingredients: cooking salt (92%), flavour enhancer E621, papain, E330.<br \/>\n&nbsp;<\/p>\n<div style=\", sans-serif;margin-bottom: 10px\"><span style=\"font-weight: 700\">Allergens:&nbsp;<\/span>Lactose (present)<\/div>\n<div style=\", sans-serif;margin-bottom: 10px\"><span style=\"font-weight: 700\">Nutrition information:<\/span><br \/>\nEnergy: 16 kcal \/ 67 kJ<br \/>\nCarbohydrates: 1.6 g<br \/>\nOf which sugars: 0.3 g<br \/>\nProtein: 2.4 g<\/div>\n<p><span style=\", sans-serif;font-weight: 700\">Storage:&nbsp;<\/span><span style=\", sans-serif\">dry and cool.<\/span><\/p>","protected":false},"excerpt":{"rendered":"<p>Lihapehmendaja on naturaalsest papaiaviljade ekstraktist (papaiinist) toodetud pulber, mida kasutatakse lihatoodete valmistamisel. Eelk\u00f5ige sobib kasutamiseks uluki- ja veiselihaga, kuid ka lamba ning sealihaga. Ei sobi linnulihale! Liha h\u00f5\u00f5rutakse lihapehmendajaga kokku ning lastakse seista kuni 1 \u00f6\u00f6p\u00e4ev (olenevalt liha vintskusest- sealiha puhul v\u00e4hem, ulukiliha pehmendamine v\u00f5tab aga rohkem aega). Soovituslikult (k\u00f5rge soolasisalduse t\u00f5ttu) p\u00e4rast pehmendamisprotsessi l\u00f5ppu [&hellip;]<\/p>\n","protected":false},"featured_media":1663,"template":"","meta":[],"product_brand":[244],"product_cat":[307],"product_tag":[],"class_list":{"0":"post-1633","1":"product","2":"type-product","3":"status-publish","4":"has-post-thumbnail","6":"product_brand-hela","7":"product_cat-maitseainesegud","9":"first","10":"instock","11":"sale","12":"taxable","13":"shipping-taxable","14":"purchasable","15":"product-type-simple"},"_links":{"self":[{"href":"https:\/\/pipraveski.ee\/en\/wp-json\/wp\/v2\/product\/1633","targetHints":{"allow":["GET"]}}],"collection":[{"href":"https:\/\/pipraveski.ee\/en\/wp-json\/wp\/v2\/product"}],"about":[{"href":"https:\/\/pipraveski.ee\/en\/wp-json\/wp\/v2\/types\/product"}],"wp:featuredmedia":[{"embeddable":true,"href":"https:\/\/pipraveski.ee\/en\/wp-json\/wp\/v2\/media\/1663"}],"wp:attachment":[{"href":"https:\/\/pipraveski.ee\/en\/wp-json\/wp\/v2\/media?parent=1633"}],"wp:term":[{"taxonomy":"product_brand","embeddable":true,"href":"https:\/\/pipraveski.ee\/en\/wp-json\/wp\/v2\/product_brand?post=1633"},{"taxonomy":"product_cat","embeddable":true,"href":"https:\/\/pipraveski.ee\/en\/wp-json\/wp\/v2\/product_cat?post=1633"},{"taxonomy":"product_tag","embeddable":true,"href":"https:\/\/pipraveski.ee\/en\/wp-json\/wp\/v2\/product_tag?post=1633"}],"curies":[{"name":"wp","href":"https:\/\/api.w.org\/{rel}","templated":true}]}}