{"id":1629,"date":"2025-10-22T19:06:58","date_gmt":"2025-10-22T16:06:58","guid":{"rendered":"https:\/\/pipraveski.ee\/?post_type=product&#038;p=1629"},"modified":"2026-04-17T11:32:18","modified_gmt":"2026-04-17T08:32:18","slug":"kaneel-tseilon-jahvatatud-300g","status":"publish","type":"product","link":"https:\/\/pipraveski.ee\/en\/product\/kaneel-tseilon-jahvatatud-300g\/","title":{"rendered":"Cinnamon, Ceylon, ground, 300g"},"content":{"rendered":"<p>An aromatic spice made from the bark of the Ceylon cinnamon tree, light brown in colour with a delicate mild flavour.<\/p>\n<p>Ceylon cinnamon differs from regular cassia cinnamon in its more delicate taste and smell, but the uses are the same.<\/p>\n<p>Country of origin: Sri Lanka<\/p>","protected":false},"excerpt":{"rendered":"<p>Tseiloni kaneelipuu koorest&nbsp;valmistatav&nbsp;aromaatne, helepruuni v\u00e4rvi ja peene maheda maitsega v\u00fcrts. Tseiloni kaneel erineb tavap\u00e4rasest kassia kaneelist \u00f5rnema maitse ja l\u00f5hna poolest, kasutusviisid on samad. P\u00e4ritolumaa: Sri Lanka<\/p>","protected":false},"featured_media":1659,"template":"","meta":[],"product_brand":[],"product_cat":[338],"product_tag":[],"class_list":{"0":"post-1629","1":"product","2":"type-product","3":"status-publish","4":"has-post-thumbnail","6":"product_cat-puhtad-maitsed","8":"first","9":"instock","10":"taxable","11":"shipping-taxable","12":"purchasable","13":"product-type-simple"},"_links":{"self":[{"href":"https:\/\/pipraveski.ee\/en\/wp-json\/wp\/v2\/product\/1629","targetHints":{"allow":["GET"]}}],"collection":[{"href":"https:\/\/pipraveski.ee\/en\/wp-json\/wp\/v2\/product"}],"about":[{"href":"https:\/\/pipraveski.ee\/en\/wp-json\/wp\/v2\/types\/product"}],"wp:featuredmedia":[{"embeddable":true,"href":"https:\/\/pipraveski.ee\/en\/wp-json\/wp\/v2\/media\/1659"}],"wp:attachment":[{"href":"https:\/\/pipraveski.ee\/en\/wp-json\/wp\/v2\/media?parent=1629"}],"wp:term":[{"taxonomy":"product_brand","embeddable":true,"href":"https:\/\/pipraveski.ee\/en\/wp-json\/wp\/v2\/product_brand?post=1629"},{"taxonomy":"product_cat","embeddable":true,"href":"https:\/\/pipraveski.ee\/en\/wp-json\/wp\/v2\/product_cat?post=1629"},{"taxonomy":"product_tag","embeddable":true,"href":"https:\/\/pipraveski.ee\/en\/wp-json\/wp\/v2\/product_tag?post=1629"}],"curies":[{"name":"wp","href":"https:\/\/api.w.org\/{rel}","templated":true}]}}