{"id":1628,"date":"2025-10-22T19:06:58","date_gmt":"2025-10-22T16:06:58","guid":{"rendered":"https:\/\/pipraveski.ee\/?post_type=product&#038;p=1628"},"modified":"2026-04-17T11:32:05","modified_gmt":"2026-04-17T08:32:05","slug":"kuuslaugu-ja-ingveri-puree-pasco-270g","status":"publish","type":"product","link":"https:\/\/pipraveski.ee\/en\/product\/kuuslaugu-ja-ingveri-puree-pasco-270g\/","title":{"rendered":"Garlic and ginger puree, Pasco, 270g"},"content":{"rendered":"<p>Koostis: K\u00fc\u00fcslauk (40%), ingver (30%), vesi, modifitseeritud maisit\u00e4rklis, sool, \u00e4\u00e4dikhape, sidrunhape.<br \/>\nSee toode on toodetud tehases, kus t\u00f6\u00f6deldakse maap\u00e4hkleid, p\u00e4hkleid, piima, sojat, mune, sulfiteid, sellerit ja sinepit.<\/p>\n<p>Keskmine toitev\u00e4\u00e4rtus 100g kohta: Energeetiline v\u00e4\u00e4rtus. 705kJ (169kcal), rasvad 7,6g, s\u00fcsivesikud 20,9g, millest suhkur 3g, valk 8,7g, sool 3,5g.<\/p>\n<p>Country of origin: UK<\/p>","protected":false},"excerpt":{"rendered":"<p>Koostis: K\u00fc\u00fcslauk (40%), ingver (30%), vesi, modifitseeritud maisit\u00e4rklis, sool, \u00e4\u00e4dikhape, sidrunhape. See toode on toodetud tehases, kus t\u00f6\u00f6deldakse maap\u00e4hkleid, p\u00e4hkleid, piima, sojat, mune, sulfiteid, sellerit ja sinepit. Keskmine toitev\u00e4\u00e4rtus 100g kohta: Energeetiline v\u00e4\u00e4rtus. 705kJ (169kcal), rasvad 7,6g, s\u00fcsivesikud 20,9g, millest suhkur 3g, valk 8,7g, sool 3,5g. P\u00e4ritolumaa: UK<\/p>","protected":false},"featured_media":1658,"template":"","meta":[],"product_brand":[],"product_cat":[308],"product_tag":[],"class_list":{"0":"post-1628","1":"product","2":"type-product","3":"status-publish","4":"has-post-thumbnail","6":"product_cat-maitseaine-pastad-kastmed","8":"first","9":"instock","10":"taxable","11":"shipping-taxable","12":"purchasable","13":"product-type-simple"},"_links":{"self":[{"href":"https:\/\/pipraveski.ee\/en\/wp-json\/wp\/v2\/product\/1628","targetHints":{"allow":["GET"]}}],"collection":[{"href":"https:\/\/pipraveski.ee\/en\/wp-json\/wp\/v2\/product"}],"about":[{"href":"https:\/\/pipraveski.ee\/en\/wp-json\/wp\/v2\/types\/product"}],"wp:featuredmedia":[{"embeddable":true,"href":"https:\/\/pipraveski.ee\/en\/wp-json\/wp\/v2\/media\/1658"}],"wp:attachment":[{"href":"https:\/\/pipraveski.ee\/en\/wp-json\/wp\/v2\/media?parent=1628"}],"wp:term":[{"taxonomy":"product_brand","embeddable":true,"href":"https:\/\/pipraveski.ee\/en\/wp-json\/wp\/v2\/product_brand?post=1628"},{"taxonomy":"product_cat","embeddable":true,"href":"https:\/\/pipraveski.ee\/en\/wp-json\/wp\/v2\/product_cat?post=1628"},{"taxonomy":"product_tag","embeddable":true,"href":"https:\/\/pipraveski.ee\/en\/wp-json\/wp\/v2\/product_tag?post=1628"}],"curies":[{"name":"wp","href":"https:\/\/api.w.org\/{rel}","templated":true}]}}