{"id":1627,"date":"2025-10-22T19:06:58","date_gmt":"2025-10-22T16:06:58","guid":{"rendered":"https:\/\/pipraveski.ee\/?post_type=product&#038;p=1627"},"modified":"2026-04-17T11:32:24","modified_gmt":"2026-04-17T08:32:24","slug":"tsillihelbed-heera-50g","status":"publish","type":"product","link":"https:\/\/pipraveski.ee\/en\/product\/tsillihelbed-heera-50g\/","title":{"rendered":"Chilli flakes, Heera, 50g"},"content":{"rendered":"<p>Purustatud t\u0161illi ehk punase pipra helbed on maitseaine, mis koosneb kuivatatud ja purustatud punasest t\u0161illipiprast.<br \/>\nPeamine erinevus purustatud punase pipra ja t\u0161illipulbri (mis on valmistatud pulbristatud kuivatatud jahvatatud t\u0161illipiprast) vahel on see, et purustatud punane pipar sisaldab t\u0161illipipra kauna seemneid ja membraane, t\u0161illipulber aga mitte.<\/p>\n<p>T\u0161illipipra purustatud versiooni kasutatakse toidule, eriti Mehhiko v\u00f5i Hispaania k\u00f6\u00f6gile, teravuse lisamiseks v\u00f5i salsade ja kastmete valmistamisel.<br \/>\nSeda kasutatakse laialdaselt ka pitsakattena pitsadel, nagu pepperoni pizza, mille p\u00f5hikoostisosa on pepperoni vorsti. Seda kasutatakse ka koostisosana Mehhikost p\u00e4rit ubade ja tomatitega liha sisaldava v\u00fcrtsika chili con carne hautise valmistamisel.<br \/>\nKasutatakse sellistes roogades nagu mapo tofu ja ma po doufu (teatud t\u00fc\u00fcpi v\u00fcrtsikas tofu). Seda saab kasutada ka m\u00f5ne Hiina hautise koostisosana, n\u00e4iteks marineeritud kapsaga hautatud veiseliha ja t\u00e4htaniisiga hautatud veiseliha.<\/p>\n<p>Nutrition information per 100 g<br \/>\nEnergiat 1332 kJ \/ 318 kcal<br \/>\nRasv 17,3 g<br \/>\nmillest k\u00fcllastunud rasvhappeid 3,3 g<br \/>\nS\u00fcsivesikuid 56,63 g<br \/>\nmillest suhkrud 10,3 g<br \/>\nValk 12,0 g<br \/>\nSool 0,0 g<\/p>","protected":false},"excerpt":{"rendered":"<p>Kuivatatud peenestatud t\u0161illikaunad. <\/p>","protected":false},"featured_media":1657,"template":"","meta":[],"product_brand":[240],"product_cat":[307],"product_tag":[],"class_list":{"0":"post-1627","1":"product","2":"type-product","3":"status-publish","4":"has-post-thumbnail","6":"product_brand-heera","7":"product_cat-maitseainesegud","9":"first","10":"outofstock","11":"taxable","12":"shipping-taxable","13":"purchasable","14":"product-type-simple"},"_links":{"self":[{"href":"https:\/\/pipraveski.ee\/en\/wp-json\/wp\/v2\/product\/1627","targetHints":{"allow":["GET"]}}],"collection":[{"href":"https:\/\/pipraveski.ee\/en\/wp-json\/wp\/v2\/product"}],"about":[{"href":"https:\/\/pipraveski.ee\/en\/wp-json\/wp\/v2\/types\/product"}],"wp:featuredmedia":[{"embeddable":true,"href":"https:\/\/pipraveski.ee\/en\/wp-json\/wp\/v2\/media\/1657"}],"wp:attachment":[{"href":"https:\/\/pipraveski.ee\/en\/wp-json\/wp\/v2\/media?parent=1627"}],"wp:term":[{"taxonomy":"product_brand","embeddable":true,"href":"https:\/\/pipraveski.ee\/en\/wp-json\/wp\/v2\/product_brand?post=1627"},{"taxonomy":"product_cat","embeddable":true,"href":"https:\/\/pipraveski.ee\/en\/wp-json\/wp\/v2\/product_cat?post=1627"},{"taxonomy":"product_tag","embeddable":true,"href":"https:\/\/pipraveski.ee\/en\/wp-json\/wp\/v2\/product_tag?post=1627"}],"curies":[{"name":"wp","href":"https:\/\/api.w.org\/{rel}","templated":true}]}}