{"id":1593,"date":"2025-10-22T19:06:45","date_gmt":"2025-10-22T16:06:45","guid":{"rendered":"https:\/\/pipraveski.ee\/?post_type=product&#038;p=1593"},"modified":"2026-04-17T11:33:18","modified_gmt":"2026-04-17T08:33:18","slug":"punane-salsa-de-chipotle-kaste-la-costena-140ml","status":"publish","type":"product","link":"https:\/\/pipraveski.ee\/en\/product\/punane-salsa-de-chipotle-kaste-la-costena-140ml\/","title":{"rendered":"Red Salsa de Chipotle sauce, La Costena, 140ml"},"content":{"rendered":"<p>See punane chipotle kaste (Salsa de Chile Chipotle) \u200b\u200bon v\u00fcrtsikas ja pakatab Mehhiko k\u00f6\u00f6gile omasest chipotle t\u0161illi imelisest suitsusest maitsest. Traditsiooniliselt r\u00f6stitakse v\u00e4rsket jalape\u00f1o paprikat tulel, misj\u00e4rel nimetatakse neid chipotle&#8217;iks.<br \/>\nKasutage Salsa de Chile Chipotle&#8217;i, et v\u00fcrtsitada oma j\u00e4rgmist chili con carne&#8217;i, et anda \u00fchele maailma kuulsaimale v\u00fcrtsikale toidule t\u00e4iuslik viimistlus.<\/p>\n<p><strong>Ingredients:<\/strong>&nbsp;Chipotle t\u0161illipipar, vesi, tomatip\u00fcree, \u00e4\u00e4dikas, jodeeritud sool, suhkur, karaya kummi E416, v\u00fcrtsid.<\/p>\n<p><strong>Nutrition information per 100g:<\/strong><br \/>\nEnergy 209 kJ \/ 50 kcal<br \/>\nFats 0,0g<br \/>\nK\u00fcllastunud rasvhapped 0,0g<br \/>\nCarbohydrates 10,0g<br \/>\nSuhkur 10,0g<br \/>\nValk 0,0g<br \/>\nSool 2,6g<br \/>\n&nbsp;<\/p>","protected":false},"excerpt":{"rendered":"<p>See punane chipotle kaste (Salsa de Chile Chipotle) \u200b\u200bon v\u00fcrtsikas ja pakatab Mehhiko k\u00f6\u00f6gile omasest chipotle t\u0161illi imelisest suitsusest maitsest. Traditsiooniliselt r\u00f6stitakse v\u00e4rsket jalape\u00f1o paprikat tulel, misj\u00e4rel nimetatakse neid chipotle&#8217;iks. Kasutage Salsa de Chile Chipotle&#8217;i, et v\u00fcrtsitada oma j\u00e4rgmist chili con carne&#8217;i, et anda \u00fchele maailma kuulsaimale v\u00fcrtsikale toidule t\u00e4iuslik viimistlus. Koostisosad:&nbsp;Chipotle t\u0161illipipar, vesi, tomatip\u00fcree, [&hellip;]<\/p>\n","protected":false},"featured_media":1622,"template":"","meta":[],"product_brand":[],"product_cat":[317],"product_tag":[],"class_list":{"0":"post-1593","1":"product","2":"type-product","3":"status-publish","4":"has-post-thumbnail","6":"product_cat-kastmed-sinepid-tsatnid","8":"first","9":"instock","10":"taxable","11":"shipping-taxable","12":"purchasable","13":"product-type-simple"},"_links":{"self":[{"href":"https:\/\/pipraveski.ee\/en\/wp-json\/wp\/v2\/product\/1593","targetHints":{"allow":["GET"]}}],"collection":[{"href":"https:\/\/pipraveski.ee\/en\/wp-json\/wp\/v2\/product"}],"about":[{"href":"https:\/\/pipraveski.ee\/en\/wp-json\/wp\/v2\/types\/product"}],"wp:featuredmedia":[{"embeddable":true,"href":"https:\/\/pipraveski.ee\/en\/wp-json\/wp\/v2\/media\/1622"}],"wp:attachment":[{"href":"https:\/\/pipraveski.ee\/en\/wp-json\/wp\/v2\/media?parent=1593"}],"wp:term":[{"taxonomy":"product_brand","embeddable":true,"href":"https:\/\/pipraveski.ee\/en\/wp-json\/wp\/v2\/product_brand?post=1593"},{"taxonomy":"product_cat","embeddable":true,"href":"https:\/\/pipraveski.ee\/en\/wp-json\/wp\/v2\/product_cat?post=1593"},{"taxonomy":"product_tag","embeddable":true,"href":"https:\/\/pipraveski.ee\/en\/wp-json\/wp\/v2\/product_tag?post=1593"}],"curies":[{"name":"wp","href":"https:\/\/api.w.org\/{rel}","templated":true}]}}