{"id":1588,"date":"2025-10-22T19:06:45","date_gmt":"2025-10-22T16:06:45","guid":{"rendered":"https:\/\/pipraveski.ee\/?post_type=product&#038;p=1588"},"modified":"2026-04-17T11:32:42","modified_gmt":"2026-04-17T08:32:42","slug":"mango-chutney-terav-pasco-320g","status":"publish","type":"product","link":"https:\/\/pipraveski.ee\/en\/product\/mango-chutney-terav-pasco-320g\/","title":{"rendered":"Mango Chutney, terav, Pasco, 320g"},"content":{"rendered":"<p>An authentic Indian chutney made with specially selected mangoes and highly aromatic spices.<br \/>\nTraditionally served as a sauce for naan bread and popcorn or as a side dish to curries.<br \/>\nTootekirjeldus: Chutneyd on p\u00fcreestatud konsistentsiga v\u00fcrtsikad India kastmed, mida serveeritakse traditsioonilise India k\u00f6\u00f6gi roogade lisandina.<br \/>\nK\u00f5ik Pasco chutneyd on valmistatud kohalikelt talunikelt ja nende istandustest p\u00e4rit valitud puuviljadest. Ideaalne lisand igale India toidule!<br \/>\nPasco Hot Mango Chutney on maitsev kombinatsioon mahlastest mangodest ning ehtsatest India \u00fcrtidest ja teravatest t\u0161illipipradest.<\/p>\n<p>Koostisosad: Suhkur (48%), mangod (40%), sool, t\u0161illipulber, ingveripulber, \u00e4\u00e4dikhape.<br \/>\nAllergeenid: V\u00f5ib sisaldada maap\u00e4hklite, p\u00e4hklite, piima, soja, muna, sulfitide, kala, selleri ja sinepi j\u00e4lgi.<\/p>\n<p>Storage: keep in a dry and cool place, out of sunlight. After opening, consume within 2 months.<\/p>\n<p>Nutrition information per 100g<br \/>\nEnergia 810kJ \/ 190 kcal<br \/>\nRasv 0,1g<br \/>\nof which saturated fats 0g<br \/>\nCarbohydrates 45,9g<br \/>\nof which sugars 43,5g<br \/>\nValk 0,7g<br \/>\nSalt 3,3 g<\/p>\n<p>Country of origin: United Kingdom<\/p>","protected":false},"excerpt":{"rendered":"<p>Ehtne India chutney, mis on valmistatud spetsiaalselt valitud mangodest ja v\u00e4ga aromaatsetest v\u00fcrtsidest. Traditsiooniliselt serveeritakse naanileiva ja poppadumi kastmena v\u00f5i karriroa lisandina. Tootekirjeldus: Chutneyd on p\u00fcreestatud konsistentsiga v\u00fcrtsikad India kastmed, mida serveeritakse traditsioonilise India k\u00f6\u00f6gi roogade lisandina. K\u00f5ik Pasco chutneyd on valmistatud kohalikelt talunikelt ja nende istandustest p\u00e4rit valitud puuviljadest. Ideaalne lisand igale India toidule! [&hellip;]<\/p>\n","protected":false},"featured_media":1617,"template":"","meta":[],"product_brand":[],"product_cat":[317],"product_tag":[],"class_list":{"0":"post-1588","1":"product","2":"type-product","3":"status-publish","4":"has-post-thumbnail","6":"product_cat-kastmed-sinepid-tsatnid","8":"first","9":"outofstock","10":"taxable","11":"shipping-taxable","12":"purchasable","13":"product-type-simple"},"_links":{"self":[{"href":"https:\/\/pipraveski.ee\/en\/wp-json\/wp\/v2\/product\/1588","targetHints":{"allow":["GET"]}}],"collection":[{"href":"https:\/\/pipraveski.ee\/en\/wp-json\/wp\/v2\/product"}],"about":[{"href":"https:\/\/pipraveski.ee\/en\/wp-json\/wp\/v2\/types\/product"}],"wp:featuredmedia":[{"embeddable":true,"href":"https:\/\/pipraveski.ee\/en\/wp-json\/wp\/v2\/media\/1617"}],"wp:attachment":[{"href":"https:\/\/pipraveski.ee\/en\/wp-json\/wp\/v2\/media?parent=1588"}],"wp:term":[{"taxonomy":"product_brand","embeddable":true,"href":"https:\/\/pipraveski.ee\/en\/wp-json\/wp\/v2\/product_brand?post=1588"},{"taxonomy":"product_cat","embeddable":true,"href":"https:\/\/pipraveski.ee\/en\/wp-json\/wp\/v2\/product_cat?post=1588"},{"taxonomy":"product_tag","embeddable":true,"href":"https:\/\/pipraveski.ee\/en\/wp-json\/wp\/v2\/product_tag?post=1588"}],"curies":[{"name":"wp","href":"https:\/\/api.w.org\/{rel}","templated":true}]}}