{"id":1587,"date":"2025-10-22T19:06:45","date_gmt":"2025-10-22T16:06:45","guid":{"rendered":"https:\/\/pipraveski.ee\/?post_type=product&#038;p=1587"},"modified":"2026-04-17T11:32:22","modified_gmt":"2026-04-17T08:32:22","slug":"kiirnuudlid-ramen-veiseliha-100g","status":"publish","type":"product","link":"https:\/\/pipraveski.ee\/en\/product\/kiirnuudlid-ramen-veiseliha-100g\/","title":{"rendered":"Kiwi noodles Ramen, beef, 100g"},"content":{"rendered":"<p>Populaarne rameni nuudlisupp, NISSIN DEMAE RAMEN, mis on rikas autentsete &#8220;jaapanip\u00e4rase&#8221; maitseainetega, r\u00f5\u00f5mustavad teie maitsemeeli.<br \/>\nKergelt magus ja v\u00fcrtsikas, see Beef R\u00e2meni roog soojendab s\u00f5na otseses m\u00f5ttes keha ja hinge. Selle magushapu maitsega ramen- supi hoolikalt valitud v\u00fcrtsid avavad traditsioonilise Aasia k\u00f6\u00f6gi t\u00e4ieliku aromaatse maitsemaailma.<\/p>\n<p><strong>Ingredients:<\/strong> Nuudlid 90,9%: (nisujahu, palmi\u00f5li, keedusool, jahu t\u00f6\u00f6tlemisained (naatriumkarbonaat, trifosfaat), stabilisaator: kaaliumkarbonaat, paksendaja: guarkummi, antioks\u00fcdant: tokoferoolirikas ekstrakt). Puljong ja lisand 7. 3%: [keedusool, maitsetugevdaja: mononaatriumglutamaat, dinaatriumguan\u00fclaat, dinaatriuminosinaat), sojakastme pulber (sojaoad, sool, nisu, lauasool, maltodekstriin), suhkur, dekstroos, veiseliha maitse (sisaldab nisu , soja), maitseained (sisaldab sellerit), veiseliha ekstrakti pulber (maltodekstriin, veiseliha ekstrakt), v\u00e4rvus: ammoniaagikaramell, porrulauk, koorepulber (gl\u00fckoosisiirup, palmi\u00f5li, piimavalgud), p\u00e4rmiekstrakt, rapsi\u00f5li, paakumisvastane aine : r\u00e4nidioksiid, veiseliha rasvapulber (veiserasv, veiseliha ekstrakt), happesuse regulaator: sidrunhape Maitseaine\u00f5li 1. 8%:(veiserasv, rapsi\u00f5li, aroom).<br \/>\n<strong>Allergens:<\/strong> seller, gluteen, piim, sojaoad.<br \/>\n<strong>Toode v\u00f5ib sisaldada:<\/strong> koorikloomade, kalade, karploomade, sinepi ja seesamiseemnete j\u00e4\u00e4ke.<\/p>\n<p>Toitumisealane teave \/ 100g kohta<br \/>\nEnergiat kcal 387 Kcal 93<br \/>\nRasv 4,1g<br \/>\nK\u00fcllastunud 2,1g<br \/>\nS\u00fcsivesikuid 11,3g<br \/>\nSuhkrud 0,6g<br \/>\nProtein 2,0g<br \/>\nSool 0,93g<\/p>","protected":false},"excerpt":{"rendered":"<p>Populaarne rameni nuudlisupp, NISSIN DEMAE RAMEN, mis on rikas autentsete &#8220;jaapanip\u00e4rase&#8221; maitseainetega, r\u00f5\u00f5mustavad teie maitsemeeli. Kergelt magus ja v\u00fcrtsikas, see Beef R\u00e2meni roog soojendab s\u00f5na otseses m\u00f5ttes keha ja hinge. Selle magushapu maitsega ramen- supi hoolikalt valitud v\u00fcrtsid avavad traditsioonilise Aasia k\u00f6\u00f6gi t\u00e4ieliku aromaatse maitsemaailma. Koostisosad: Nuudlid 90,9%: (nisujahu, palmi\u00f5li, keedusool, jahu t\u00f6\u00f6tlemisained (naatriumkarbonaat, trifosfaat), [&hellip;]<\/p>\n","protected":false},"featured_media":1616,"template":"","meta":[],"product_brand":[],"product_cat":[320],"product_tag":[],"class_list":{"0":"post-1587","1":"product","2":"type-product","3":"status-publish","4":"has-post-thumbnail","6":"product_cat-riis-nuudlid","8":"first","9":"instock","10":"taxable","11":"shipping-taxable","12":"purchasable","13":"product-type-simple"},"_links":{"self":[{"href":"https:\/\/pipraveski.ee\/en\/wp-json\/wp\/v2\/product\/1587","targetHints":{"allow":["GET"]}}],"collection":[{"href":"https:\/\/pipraveski.ee\/en\/wp-json\/wp\/v2\/product"}],"about":[{"href":"https:\/\/pipraveski.ee\/en\/wp-json\/wp\/v2\/types\/product"}],"wp:featuredmedia":[{"embeddable":true,"href":"https:\/\/pipraveski.ee\/en\/wp-json\/wp\/v2\/media\/1616"}],"wp:attachment":[{"href":"https:\/\/pipraveski.ee\/en\/wp-json\/wp\/v2\/media?parent=1587"}],"wp:term":[{"taxonomy":"product_brand","embeddable":true,"href":"https:\/\/pipraveski.ee\/en\/wp-json\/wp\/v2\/product_brand?post=1587"},{"taxonomy":"product_cat","embeddable":true,"href":"https:\/\/pipraveski.ee\/en\/wp-json\/wp\/v2\/product_cat?post=1587"},{"taxonomy":"product_tag","embeddable":true,"href":"https:\/\/pipraveski.ee\/en\/wp-json\/wp\/v2\/product_tag?post=1587"}],"curies":[{"name":"wp","href":"https:\/\/api.w.org\/{rel}","templated":true}]}}