{"id":1572,"date":"2025-10-22T19:06:44","date_gmt":"2025-10-22T16:06:44","guid":{"rendered":"https:\/\/pipraveski.ee\/?post_type=product&#038;p=1572"},"modified":"2026-04-17T11:32:56","modified_gmt":"2026-04-17T08:32:56","slug":"hapu-taimne-koogivilja-karripasta-lobo-50g","status":"publish","type":"product","link":"https:\/\/pipraveski.ee\/en\/product\/hapu-taimne-koogivilja-karripasta-lobo-50g\/","title":{"rendered":"Lobo vegetable curry paste, Lobo, 50g"},"content":{"rendered":"<p>Lobo sweet vegetable curry paste is based on traditional Thai curry, usually made with fish or shrimp and green papaya. This curry paste is made with a tasty herb-based blend of shallots, dried red chilli, salt, shrimp paste, dried shrimps and wild ginger. Unlike other Thai recipes, this recipe uses water instead of coconut milk to make Thai vegetable curry. So it looks mostly like a traditional Thai soup. The curry dish is spicy, sour and slightly sweet.<\/p>\n<p><span style=\", sans-serif;font-size: 16px\"><span style=\"font-size:12px\">Ingredients: shallots, chilli, salt, CREVETID, acidity regulator E296, krachai.<\/span><\/span><br \/>\nAllergens: CREVETES<\/p>\n<p><span style=\"font-size: 13px\">Nutrition information per 100g<\/span><br style=\"font-size: 13px\" \/><br \/>\n<span style=\"font-size: 13px\">Energy 447kJ \/ 106 kcal<\/span><br style=\"font-size: 13px\" \/><br \/>\n<span style=\"font-size: 13px\">Fat 1g<\/span><br style=\"font-size: 13px\" \/><br \/>\n<span style=\"font-size: 13px\">of which saturated fats 0g<\/span><br style=\"font-size: 13px\" \/><br \/>\n<span style=\"font-size: 13px\">Carbohydrates 14 g<\/span><br style=\"font-size: 13px\" \/><br \/>\n<span style=\"font-size: 13px\">of which sugars 6,5g<\/span><br style=\"font-size: 13px\" \/><br \/>\n<span style=\"font-size: 13px\">Protein 7,2 g<\/span><br style=\"font-size: 13px\" \/><br \/>\n<span style=\"font-size: 13px\">Salt 11,5 g<\/span><\/p>\n<div>&nbsp;<\/div>","protected":false},"excerpt":{"rendered":"<p>Lobo magus k\u00f6\u00f6givilja karripasta p\u00f5hineb traditsioonilisel Tai karril, mida tavaliselt valmistatakse kala v\u00f5i krevettide ja rohelise papaiaga. Selle karripasta valmistamiseks kasutatakse \u00fcrdip\u00f5hist maitsvat segu \u0161alottsibulist, kuivatatud punasest t\u0161illist, soolast, krevetipastast, kuivatatud krevettidest ja metsikingverist. Vastupidiselt teistele Tai retseptidele kasutatakse selles retseptis kookospiima asemel Tai k\u00f6\u00f6giviljakarri valmistamiseks vett. Seega n\u00e4eb see enamasti v\u00e4lja nagu traditsiooniline Tai [&hellip;]<\/p>\n","protected":false},"featured_media":1602,"template":"","meta":[],"product_brand":[263],"product_cat":[308],"product_tag":[],"class_list":{"0":"post-1572","1":"product","2":"type-product","3":"status-publish","4":"has-post-thumbnail","6":"product_brand-lobo","7":"product_cat-maitseaine-pastad-kastmed","9":"first","10":"instock","11":"taxable","12":"shipping-taxable","13":"purchasable","14":"product-type-simple"},"_links":{"self":[{"href":"https:\/\/pipraveski.ee\/en\/wp-json\/wp\/v2\/product\/1572","targetHints":{"allow":["GET"]}}],"collection":[{"href":"https:\/\/pipraveski.ee\/en\/wp-json\/wp\/v2\/product"}],"about":[{"href":"https:\/\/pipraveski.ee\/en\/wp-json\/wp\/v2\/types\/product"}],"wp:featuredmedia":[{"embeddable":true,"href":"https:\/\/pipraveski.ee\/en\/wp-json\/wp\/v2\/media\/1602"}],"wp:attachment":[{"href":"https:\/\/pipraveski.ee\/en\/wp-json\/wp\/v2\/media?parent=1572"}],"wp:term":[{"taxonomy":"product_brand","embeddable":true,"href":"https:\/\/pipraveski.ee\/en\/wp-json\/wp\/v2\/product_brand?post=1572"},{"taxonomy":"product_cat","embeddable":true,"href":"https:\/\/pipraveski.ee\/en\/wp-json\/wp\/v2\/product_cat?post=1572"},{"taxonomy":"product_tag","embeddable":true,"href":"https:\/\/pipraveski.ee\/en\/wp-json\/wp\/v2\/product_tag?post=1572"}],"curies":[{"name":"wp","href":"https:\/\/api.w.org\/{rel}","templated":true}]}}