{"id":1569,"date":"2025-10-22T19:06:44","date_gmt":"2025-10-22T16:06:44","guid":{"rendered":"https:\/\/pipraveski.ee\/?post_type=product&#038;p=1569"},"modified":"2026-04-17T11:32:22","modified_gmt":"2026-04-17T08:32:22","slug":"must-sool-400g-heera","status":"publish","type":"product","link":"https:\/\/pipraveski.ee\/en\/product\/must-sool-400g-heera\/","title":{"rendered":"Black salt, 400g (Heera)"},"content":{"rendered":"<p>Heera Black Rock Salt ehk rafineerimata mineraalsool on musta kivisoola India nimi.<br \/>\nTume punakasmusta v\u00e4rvi kristalliline sool, mis jahvatamisel muutub roosakashalliks.<br \/>\nSellel on selge v\u00e4\u00e4vli l\u00f5hn ja maitse.<br \/>\nMusta soola kasutatakse friteeritud toitude maitse parandamiseks.<\/p>\n<p>Kasutamine: Tavaliselt puistatakse seda suupistetele nagu Besan masala maap\u00e4hklid, praetud chana dal, et anda neile chatpata maitset.<br \/>\nSeda kasutatakse ka maitseainena mitmesuguste chaatide valmistamisel, nagu Dahi vada, Bhel puri, Pani Puri.<\/p>\n<p>Eelised: Must kivisool stimuleerib sapi tootmist maksas ning aitab kontrollida k\u00f5rvetisi ja puhitust. See piirab happe taset ja v\u00e4hendab refluksi.<br \/>\nN\u00e4put\u00e4is soola v\u00f5ib v\u00e4hendada gaaside teket ning piirata puhitust.<br \/>\n&nbsp;<\/p>","protected":false},"excerpt":{"rendered":"<p>Must sool e. rafineerimata mineraalsool<\/p>","protected":false},"featured_media":1599,"template":"","meta":[],"product_brand":[240],"product_cat":[307],"product_tag":[],"class_list":{"0":"post-1569","1":"product","2":"type-product","3":"status-publish","4":"has-post-thumbnail","6":"product_brand-heera","7":"product_cat-maitseainesegud","9":"first","10":"instock","11":"taxable","12":"shipping-taxable","13":"purchasable","14":"product-type-simple"},"_links":{"self":[{"href":"https:\/\/pipraveski.ee\/en\/wp-json\/wp\/v2\/product\/1569","targetHints":{"allow":["GET"]}}],"collection":[{"href":"https:\/\/pipraveski.ee\/en\/wp-json\/wp\/v2\/product"}],"about":[{"href":"https:\/\/pipraveski.ee\/en\/wp-json\/wp\/v2\/types\/product"}],"wp:featuredmedia":[{"embeddable":true,"href":"https:\/\/pipraveski.ee\/en\/wp-json\/wp\/v2\/media\/1599"}],"wp:attachment":[{"href":"https:\/\/pipraveski.ee\/en\/wp-json\/wp\/v2\/media?parent=1569"}],"wp:term":[{"taxonomy":"product_brand","embeddable":true,"href":"https:\/\/pipraveski.ee\/en\/wp-json\/wp\/v2\/product_brand?post=1569"},{"taxonomy":"product_cat","embeddable":true,"href":"https:\/\/pipraveski.ee\/en\/wp-json\/wp\/v2\/product_cat?post=1569"},{"taxonomy":"product_tag","embeddable":true,"href":"https:\/\/pipraveski.ee\/en\/wp-json\/wp\/v2\/product_tag?post=1569"}],"curies":[{"name":"wp","href":"https:\/\/api.w.org\/{rel}","templated":true}]}}