{"id":1568,"date":"2025-10-22T19:06:44","date_gmt":"2025-10-22T16:06:44","guid":{"rendered":"https:\/\/pipraveski.ee\/?post_type=product&#038;p=1568"},"modified":"2026-04-17T11:32:45","modified_gmt":"2026-04-17T08:32:45","slug":"till-100g","status":"publish","type":"product","link":"https:\/\/pipraveski.ee\/en\/product\/till-100g\/","title":{"rendered":"Till, HELA, 100g"},"content":{"rendered":"<p>Dried chopped dill leaves.<\/p>\n<p>Use: Dried, salted and deep-frozen dill is added to food 1-2 minutes before the end of cooking.<br \/>\n&nbsp;<\/p>","protected":false},"excerpt":{"rendered":"<p>Kuivatatud hakitud tillilehed. Kasutamine:&nbsp;Kuivatatud, soolatud ja s\u00fcgavk\u00fclmutatud tilli lisatakse toidule 1-2 min enne keetmise l\u00f5ppu. &nbsp;<\/p>","protected":false},"featured_media":4285,"template":"","meta":[],"product_brand":[244],"product_cat":[305],"product_tag":[],"class_list":{"0":"post-1568","1":"product","2":"type-product","3":"status-publish","4":"has-post-thumbnail","6":"product_brand-hela","7":"product_cat-urdid-kulmkuivatatud-urdid","9":"first","10":"outofstock","11":"taxable","12":"shipping-taxable","13":"purchasable","14":"product-type-simple"},"_links":{"self":[{"href":"https:\/\/pipraveski.ee\/en\/wp-json\/wp\/v2\/product\/1568","targetHints":{"allow":["GET"]}}],"collection":[{"href":"https:\/\/pipraveski.ee\/en\/wp-json\/wp\/v2\/product"}],"about":[{"href":"https:\/\/pipraveski.ee\/en\/wp-json\/wp\/v2\/types\/product"}],"wp:featuredmedia":[{"embeddable":true,"href":"https:\/\/pipraveski.ee\/en\/wp-json\/wp\/v2\/media\/4285"}],"wp:attachment":[{"href":"https:\/\/pipraveski.ee\/en\/wp-json\/wp\/v2\/media?parent=1568"}],"wp:term":[{"taxonomy":"product_brand","embeddable":true,"href":"https:\/\/pipraveski.ee\/en\/wp-json\/wp\/v2\/product_brand?post=1568"},{"taxonomy":"product_cat","embeddable":true,"href":"https:\/\/pipraveski.ee\/en\/wp-json\/wp\/v2\/product_cat?post=1568"},{"taxonomy":"product_tag","embeddable":true,"href":"https:\/\/pipraveski.ee\/en\/wp-json\/wp\/v2\/product_tag?post=1568"}],"curies":[{"name":"wp","href":"https:\/\/api.w.org\/{rel}","templated":true}]}}