{"id":1567,"date":"2025-10-22T19:06:44","date_gmt":"2025-10-22T16:06:44","guid":{"rendered":"https:\/\/pipraveski.ee\/?post_type=product&#038;p=1567"},"modified":"2026-04-17T11:33:18","modified_gmt":"2026-04-17T08:33:18","slug":"hela-martha-ketsup-original-tomate-300ml","status":"publish","type":"product","link":"https:\/\/pipraveski.ee\/en\/product\/hela-martha-ketsup-original-tomate-300ml\/","title":{"rendered":"Martha's ketchup Original Tomato, HELA, 300ml"},"content":{"rendered":"<p>Koostisosad: Tomatipasta 82%, \u00e4\u00e4dikas, maisit\u00e4rklis, sool, sidrunimahla kontsentraat, v\u00fcrtsid, \u00fcrdid, magustaja(sukraloos)<\/p>\n<p>Shake before use. Store in the refrigerator after opening.<br \/>\nGluten-free, lactose-free, preservative-free, vegan.<\/p>\n<p><span style=\"font-size: 13px\">Nutrition information per 100g:<\/span><br style=\"font-size: 13px\" \/><br \/>\n<span style=\"font-size: 13px\">Energiasisaldus 262 kJ \/ 62 kcal<\/span><br style=\"font-size: 13px\" \/><br \/>\n<span style=\"font-size: 13px\">Fats 0,4g<\/span><br style=\"font-size: 13px\" \/><br \/>\n<span style=\"font-size: 13px\">of which saturated fatty acids 0g<\/span><br style=\"font-size: 13px\" \/><br \/>\n<span style=\"font-size: 13px\">S\u00fcsivesikud 10,9 g<\/span><br style=\"font-size: 13px\" \/><br \/>\n<span style=\"font-size: 13px\">millest suhkrud 5,3 g<\/span><br style=\"font-size: 13px\" \/><br \/>\n<span style=\"font-size: 13px\">Protein 2,0 g<\/span><br style=\"font-size: 13px\" \/><br \/>\n<span style=\"font-size: 13px\">Sool 1,4 g<\/p>\n<p>Country of origin: Germany<\/span><\/p>","protected":false},"excerpt":{"rendered":"<p>Mahe maitsev ket\u0161up, mida k\u00f5ik armastavad!<\/p>","protected":false},"featured_media":1597,"template":"","meta":[],"product_brand":[],"product_cat":[317],"product_tag":[],"class_list":{"0":"post-1567","1":"product","2":"type-product","3":"status-publish","4":"has-post-thumbnail","6":"product_cat-kastmed-sinepid-tsatnid","8":"first","9":"instock","10":"taxable","11":"shipping-taxable","12":"purchasable","13":"product-type-simple"},"_links":{"self":[{"href":"https:\/\/pipraveski.ee\/en\/wp-json\/wp\/v2\/product\/1567","targetHints":{"allow":["GET"]}}],"collection":[{"href":"https:\/\/pipraveski.ee\/en\/wp-json\/wp\/v2\/product"}],"about":[{"href":"https:\/\/pipraveski.ee\/en\/wp-json\/wp\/v2\/types\/product"}],"wp:featuredmedia":[{"embeddable":true,"href":"https:\/\/pipraveski.ee\/en\/wp-json\/wp\/v2\/media\/1597"}],"wp:attachment":[{"href":"https:\/\/pipraveski.ee\/en\/wp-json\/wp\/v2\/media?parent=1567"}],"wp:term":[{"taxonomy":"product_brand","embeddable":true,"href":"https:\/\/pipraveski.ee\/en\/wp-json\/wp\/v2\/product_brand?post=1567"},{"taxonomy":"product_cat","embeddable":true,"href":"https:\/\/pipraveski.ee\/en\/wp-json\/wp\/v2\/product_cat?post=1567"},{"taxonomy":"product_tag","embeddable":true,"href":"https:\/\/pipraveski.ee\/en\/wp-json\/wp\/v2\/product_tag?post=1567"}],"curies":[{"name":"wp","href":"https:\/\/api.w.org\/{rel}","templated":true}]}}