{"id":1566,"date":"2025-10-22T19:06:44","date_gmt":"2025-10-22T16:06:44","guid":{"rendered":"https:\/\/pipraveski.ee\/?post_type=product&#038;p=1566"},"modified":"2026-04-17T11:33:10","modified_gmt":"2026-04-17T08:33:10","slug":"pipar-roheline-soolvees-madagaskar-30g","status":"publish","type":"product","link":"https:\/\/pipraveski.ee\/en\/product\/pipar-roheline-soolvees-madagaskar-30g\/","title":{"rendered":"Pipar, roheline, soolvees, Madagaskar, 30g"},"content":{"rendered":"<p><span style=\"font-size:14px\"><span style=\"font-family:arial,helvetica,sans-serif\"><span>Pehme roheline pipar, mis sobib suurep\u00e4raselt rohelise pipra kastmesse.&nbsp;<\/span><\/span>Proovige segada seda ka toorjuustuga, et saada fantastiline dipikaste v\u00f5i v\u00f5ileivam\u00e4\u00e4re.<br style=\"font-family: Roboto, sans-serif;font-size: 18px\" \/><br \/>\n<br \/>\n<span>Koostisosad: Roheline pipar, vesi, sool.<\/p>\n<p>P\u00e4ritolumaa: Madagaskar<\/span><\/span><\/p>","protected":false},"excerpt":{"rendered":"<p>See roheline pipar on tekstuurilt pehme ja sobib suurep\u00e4raselt rohelise pipra kastmesse<\/p>","protected":false},"featured_media":1596,"template":"","meta":[],"product_brand":[],"product_cat":[338],"product_tag":[],"class_list":{"0":"post-1566","1":"product","2":"type-product","3":"status-publish","4":"has-post-thumbnail","6":"product_cat-puhtad-maitsed","8":"first","9":"instock","10":"taxable","11":"shipping-taxable","12":"purchasable","13":"product-type-simple"},"_links":{"self":[{"href":"https:\/\/pipraveski.ee\/en\/wp-json\/wp\/v2\/product\/1566","targetHints":{"allow":["GET"]}}],"collection":[{"href":"https:\/\/pipraveski.ee\/en\/wp-json\/wp\/v2\/product"}],"about":[{"href":"https:\/\/pipraveski.ee\/en\/wp-json\/wp\/v2\/types\/product"}],"wp:featuredmedia":[{"embeddable":true,"href":"https:\/\/pipraveski.ee\/en\/wp-json\/wp\/v2\/media\/1596"}],"wp:attachment":[{"href":"https:\/\/pipraveski.ee\/en\/wp-json\/wp\/v2\/media?parent=1566"}],"wp:term":[{"taxonomy":"product_brand","embeddable":true,"href":"https:\/\/pipraveski.ee\/en\/wp-json\/wp\/v2\/product_brand?post=1566"},{"taxonomy":"product_cat","embeddable":true,"href":"https:\/\/pipraveski.ee\/en\/wp-json\/wp\/v2\/product_cat?post=1566"},{"taxonomy":"product_tag","embeddable":true,"href":"https:\/\/pipraveski.ee\/en\/wp-json\/wp\/v2\/product_tag?post=1566"}],"curies":[{"name":"wp","href":"https:\/\/api.w.org\/{rel}","templated":true}]}}