{"id":1535,"date":"2025-10-22T19:06:31","date_gmt":"2025-10-22T16:06:31","guid":{"rendered":"https:\/\/pipraveski.ee\/?post_type=product&#038;p=1535"},"modified":"2026-04-17T11:32:16","modified_gmt":"2026-04-17T08:32:16","slug":"mistura-de-tomato-100g","status":"publish","type":"product","link":"https:\/\/pipraveski.ee\/en\/product\/mistura-de-tomato-100g\/","title":{"rendered":"Mistura de Tomato HELA, 100g"},"content":{"rendered":"<p>For flavouring dips, butter, pasta dishes, etc.<\/p>\n<p>Ingredients: tomato flakes (56%), garlic, cornstarch, salt, basil, paprika, oregano.<\/p>","protected":false},"excerpt":{"rendered":"<p>Dipikastme, v\u00f5iete, pastaroogade jpm maitsestamiseks. Koostisosad: tomatihelbed (56%), k\u00fc\u00fcslauk, maisit\u00e4rklis, sool, basiilik, paprika, oregano.<\/p>","protected":false},"featured_media":4036,"template":"","meta":[],"product_brand":[244],"product_cat":[307],"product_tag":[],"class_list":{"0":"post-1535","1":"product","2":"type-product","3":"status-publish","4":"has-post-thumbnail","6":"product_brand-hela","7":"product_cat-maitseainesegud","9":"first","10":"outofstock","11":"taxable","12":"shipping-taxable","13":"purchasable","14":"product-type-simple"},"_links":{"self":[{"href":"https:\/\/pipraveski.ee\/en\/wp-json\/wp\/v2\/product\/1535","targetHints":{"allow":["GET"]}}],"collection":[{"href":"https:\/\/pipraveski.ee\/en\/wp-json\/wp\/v2\/product"}],"about":[{"href":"https:\/\/pipraveski.ee\/en\/wp-json\/wp\/v2\/types\/product"}],"wp:featuredmedia":[{"embeddable":true,"href":"https:\/\/pipraveski.ee\/en\/wp-json\/wp\/v2\/media\/4036"}],"wp:attachment":[{"href":"https:\/\/pipraveski.ee\/en\/wp-json\/wp\/v2\/media?parent=1535"}],"wp:term":[{"taxonomy":"product_brand","embeddable":true,"href":"https:\/\/pipraveski.ee\/en\/wp-json\/wp\/v2\/product_brand?post=1535"},{"taxonomy":"product_cat","embeddable":true,"href":"https:\/\/pipraveski.ee\/en\/wp-json\/wp\/v2\/product_cat?post=1535"},{"taxonomy":"product_tag","embeddable":true,"href":"https:\/\/pipraveski.ee\/en\/wp-json\/wp\/v2\/product_tag?post=1535"}],"curies":[{"name":"wp","href":"https:\/\/api.w.org\/{rel}","templated":true}]}}