{"id":1533,"date":"2025-10-22T19:06:31","date_gmt":"2025-10-22T16:06:31","guid":{"rendered":"https:\/\/pipraveski.ee\/?post_type=product&#038;p=1533"},"modified":"2026-04-17T11:31:56","modified_gmt":"2026-04-17T08:31:56","slug":"palsamiaadikas-valge-250ml","status":"publish","type":"product","link":"https:\/\/pipraveski.ee\/en\/product\/palsamiaadikas-valge-250ml\/","title":{"rendered":"Balsamic vinegar, white, 250ml"},"content":{"rendered":"<p>Leonardi <em>Balsamico Bianco<\/em> (valge palsami\u00e4\u00e4dika) valmistamiseks kasutakse valgeid viinamarju, k\u00e4\u00e4rimine ja k\u00fcpsemine toimub tammevaadis.<br \/>\nSelle \u00f5rn kuldkollane v\u00e4rv ei muuda toidu loomulikku v\u00e4rvi, vaid lisab maheda ja puuviljase maitsen\u00fcansi.<br \/>\nIdeaalne hapukas lisand salatitele, v\u00e4rsketele ja hautatud k\u00f6\u00f6giviljadele, kalale, valgele lihale, juustudele (Buffalo Mozzarella, Bitto, Scamorza and Robiola).<\/p>\n<p>Koostisosad: veinivirre, laagerdunud tammevaadis. Sisaldab looduslikke sulfiide.<\/p>\n<p>Nutrition information per 100g:<br \/>\nEnergiasisaldus 829kJ\/199kcal<br \/>\nFats 0g<br \/>\nof which saturated fatty acids 0g<br \/>\nCarbohydrates 47g<br \/>\nmillest suhkrud 47g<br \/>\nProtein 0,3g<br \/>\nSalt 0,01g<\/p>","protected":false},"excerpt":{"rendered":"<p>Salatite, k\u00f6\u00f6giviljade, kala jmt maitsestamiseks.<\/p>","protected":false},"featured_media":1562,"template":"","meta":[],"product_brand":[275],"product_cat":[316],"product_tag":[],"class_list":{"0":"post-1533","1":"product","2":"type-product","3":"status-publish","4":"has-post-thumbnail","6":"product_brand-aetaia-leonardi","7":"product_cat-aadikad","9":"first","10":"instock","11":"taxable","12":"shipping-taxable","13":"purchasable","14":"product-type-simple"},"_links":{"self":[{"href":"https:\/\/pipraveski.ee\/en\/wp-json\/wp\/v2\/product\/1533","targetHints":{"allow":["GET"]}}],"collection":[{"href":"https:\/\/pipraveski.ee\/en\/wp-json\/wp\/v2\/product"}],"about":[{"href":"https:\/\/pipraveski.ee\/en\/wp-json\/wp\/v2\/types\/product"}],"wp:featuredmedia":[{"embeddable":true,"href":"https:\/\/pipraveski.ee\/en\/wp-json\/wp\/v2\/media\/1562"}],"wp:attachment":[{"href":"https:\/\/pipraveski.ee\/en\/wp-json\/wp\/v2\/media?parent=1533"}],"wp:term":[{"taxonomy":"product_brand","embeddable":true,"href":"https:\/\/pipraveski.ee\/en\/wp-json\/wp\/v2\/product_brand?post=1533"},{"taxonomy":"product_cat","embeddable":true,"href":"https:\/\/pipraveski.ee\/en\/wp-json\/wp\/v2\/product_cat?post=1533"},{"taxonomy":"product_tag","embeddable":true,"href":"https:\/\/pipraveski.ee\/en\/wp-json\/wp\/v2\/product_tag?post=1533"}],"curies":[{"name":"wp","href":"https:\/\/api.w.org\/{rel}","templated":true}]}}