{"id":1530,"date":"2025-10-22T19:06:31","date_gmt":"2025-10-22T16:06:31","guid":{"rendered":"https:\/\/pipraveski.ee\/?post_type=product&#038;p=1530"},"modified":"2026-04-17T11:32:52","modified_gmt":"2026-04-17T08:32:52","slug":"vurtskoomned-tera-natco-100g","status":"publish","type":"product","link":"https:\/\/pipraveski.ee\/en\/product\/vurtskoomned-tera-natco-100g\/","title":{"rendered":"Spices, grain, NATCO, 100g"},"content":{"rendered":"<p>V\u00fcrtsk\u00f6\u00f6mned on p\u00f5hiv\u00fcrts, mis on tuntud oma j\u00f5ulise, maal\u00e4hedase maitse ja aromaatsete omaduste poolest. Need kvaliteetsed seemned lisavad s\u00fcgavust ja soojust erinevatele roogadele alates karridest ja hautistest kuni suppide ja marinaadideni. Parimatest taimedest p\u00e4rit Natco v\u00fcrtsk\u00f6\u00f6mned on hoolikalt t\u00f6\u00f6deldud, et s\u00e4ilitada nende looduslikud \u00f5lid ja intensiivne maitse, muutes need oluliseks koostisosaks nii traditsioonilises kui ka kaasaegses toiduvalmistamises.<\/p>\n<p>V\u00fcrts\u00f6\u00f6mneid hinnatakse mitte ainult nende maitse, vaid ka nende arvukate tervisega seotud eeliste t\u00f5ttu, sealhulgas seedimise soodustamise ja antioks\u00fcdantide sisalduse t\u00f5ttu.&nbsp;<\/p>\n<p>Allergiaalane teave: Pakitud tehases, mis k\u00e4sitleb P\u00c4HKLEID eraldi alal. V\u00f5ib sisaldada j\u00e4lgi SINEPIST.<br \/>\nCountry of origin: UK<\/p>","protected":false},"excerpt":{"rendered":"<p>V\u00fcrtsk\u00f6\u00f6men on kuulsate India maitseainesegude garam masala ja tandoori masala \u00fcks t\u00e4htsamaid koostisosi. <\/p>","protected":false},"featured_media":1559,"template":"","meta":[],"product_brand":[],"product_cat":[338],"product_tag":[],"class_list":{"0":"post-1530","1":"product","2":"type-product","3":"status-publish","4":"has-post-thumbnail","6":"product_cat-puhtad-maitsed","8":"first","9":"outofstock","10":"taxable","11":"shipping-taxable","12":"purchasable","13":"product-type-simple"},"_links":{"self":[{"href":"https:\/\/pipraveski.ee\/en\/wp-json\/wp\/v2\/product\/1530","targetHints":{"allow":["GET"]}}],"collection":[{"href":"https:\/\/pipraveski.ee\/en\/wp-json\/wp\/v2\/product"}],"about":[{"href":"https:\/\/pipraveski.ee\/en\/wp-json\/wp\/v2\/types\/product"}],"wp:featuredmedia":[{"embeddable":true,"href":"https:\/\/pipraveski.ee\/en\/wp-json\/wp\/v2\/media\/1559"}],"wp:attachment":[{"href":"https:\/\/pipraveski.ee\/en\/wp-json\/wp\/v2\/media?parent=1530"}],"wp:term":[{"taxonomy":"product_brand","embeddable":true,"href":"https:\/\/pipraveski.ee\/en\/wp-json\/wp\/v2\/product_brand?post=1530"},{"taxonomy":"product_cat","embeddable":true,"href":"https:\/\/pipraveski.ee\/en\/wp-json\/wp\/v2\/product_cat?post=1530"},{"taxonomy":"product_tag","embeddable":true,"href":"https:\/\/pipraveski.ee\/en\/wp-json\/wp\/v2\/product_tag?post=1530"}],"curies":[{"name":"wp","href":"https:\/\/api.w.org\/{rel}","templated":true}]}}