{"id":1529,"date":"2025-10-22T19:06:31","date_gmt":"2025-10-22T16:06:31","guid":{"rendered":"https:\/\/pipraveski.ee\/?post_type=product&#038;p=1529"},"modified":"2026-04-17T11:32:05","modified_gmt":"2026-04-17T08:32:05","slug":"iguana-radioactive-atomic-piprakaste-148ml","status":"publish","type":"product","link":"https:\/\/pipraveski.ee\/en\/product\/iguana-radioactive-atomic-piprakaste-148ml\/","title":{"rendered":"Iguana Radioactive Atomic pepper sauce, 148ml"},"content":{"rendered":"<p>T\u00e4iuslik maitseainekaste lauale panemiseks k\u00f5igile, kes armastavad, maitsekat ja v\u00fcrtsikat toitu.<br \/>\nSobib suurep\u00e4raselt riisi, linnuliha, pitsa ja ahjus k\u00fcpsetatud baguette jaoks.<\/p>\n<p><font color=\"#000000\"><span><strong>Koostisosad: h<\/strong><\/span><\/font>abanero t\u0161illi 32%, cayenne t\u0161illi 22%, tabasco t\u0161illi 18%, porgand, sool, destilleeritud \u00e4\u00e4dikas, sibul, laimimahl, tomatip\u00fcree, askorbiinhape (C-vitamiin), k\u00fc\u00fcslaugupulber.<\/p>\n<p><font color=\"#000000\"><span><strong>Nutrition information per 100g:<\/strong><br \/>\nEnergia 125,52 kJ \/ 30 kcal<br \/>\nRasv 0,0g<br \/>\nK\u00fcllastunud rasvhapped 0,0g<br \/>\nS\u00fcsivesikud 7,0g&nbsp;<br \/>\nSuhkur 4,0g<br \/>\nProtein 1,0g<br \/>\nSool 3,03g<\/p>\n<p><strong>Storage:<\/strong> p<\/span><\/font>\u00e4rast avamist v\u00f5ib toodet s\u00e4ilitada v\u00e4hemalt 6 kuud temperatuuril alla 7\u00b0C.<\/p>","protected":false},"excerpt":{"rendered":"<p>T\u00e4iuslik maitseainekaste lauale panemiseks k\u00f5igile, kes armastavad, maitsekat ja v\u00fcrtsikat toitu. Sobib suurep\u00e4raselt riisi, linnuliha, pitsa ja ahjus k\u00fcpsetatud baguette jaoks. Koostisosad: habanero t\u0161illi 32%, cayenne t\u0161illi 22%, tabasco t\u0161illi 18%, porgand, sool, destilleeritud \u00e4\u00e4dikas, sibul, laimimahl, tomatip\u00fcree, askorbiinhape (C-vitamiin), k\u00fc\u00fcslaugupulber. Toitumisalane teave 100g kohta: Energia 125,52 kJ \/ 30 kcal Rasv 0,0g K\u00fcllastunud rasvhapped [&hellip;]<\/p>\n","protected":false},"featured_media":1558,"template":"","meta":[],"product_brand":[],"product_cat":[317],"product_tag":[],"class_list":{"0":"post-1529","1":"product","2":"type-product","3":"status-publish","4":"has-post-thumbnail","6":"product_cat-kastmed-sinepid-tsatnid","8":"first","9":"outofstock","10":"taxable","11":"shipping-taxable","12":"purchasable","13":"product-type-simple"},"_links":{"self":[{"href":"https:\/\/pipraveski.ee\/en\/wp-json\/wp\/v2\/product\/1529","targetHints":{"allow":["GET"]}}],"collection":[{"href":"https:\/\/pipraveski.ee\/en\/wp-json\/wp\/v2\/product"}],"about":[{"href":"https:\/\/pipraveski.ee\/en\/wp-json\/wp\/v2\/types\/product"}],"wp:featuredmedia":[{"embeddable":true,"href":"https:\/\/pipraveski.ee\/en\/wp-json\/wp\/v2\/media\/1558"}],"wp:attachment":[{"href":"https:\/\/pipraveski.ee\/en\/wp-json\/wp\/v2\/media?parent=1529"}],"wp:term":[{"taxonomy":"product_brand","embeddable":true,"href":"https:\/\/pipraveski.ee\/en\/wp-json\/wp\/v2\/product_brand?post=1529"},{"taxonomy":"product_cat","embeddable":true,"href":"https:\/\/pipraveski.ee\/en\/wp-json\/wp\/v2\/product_cat?post=1529"},{"taxonomy":"product_tag","embeddable":true,"href":"https:\/\/pipraveski.ee\/en\/wp-json\/wp\/v2\/product_tag?post=1529"}],"curies":[{"name":"wp","href":"https:\/\/api.w.org\/{rel}","templated":true}]}}