{"id":1528,"date":"2025-10-22T19:06:31","date_gmt":"2025-10-22T16:06:31","guid":{"rendered":"https:\/\/pipraveski.ee\/?post_type=product&#038;p=1528"},"modified":"2026-04-17T11:32:34","modified_gmt":"2026-04-17T08:32:34","slug":"terve-pikk-pipar-edora-25g","status":"publish","type":"product","link":"https:\/\/pipraveski.ee\/en\/product\/terve-pikk-pipar-edora-25g\/","title":{"rendered":"Terve pikk pipar, Edora, 25g"},"content":{"rendered":"<p><span style=\", sans-serif;font-size: 15.6px\">Pikal pipral on v\u00fcrtsikas, soe maitse ja magusus. See sobib h\u00e4sti k\u00f5igi pikantsete, magusate roogadega, nagu vana-rooma stiilis retseptid, aga ka kaasaegsete juusturoogadega, nt juustufond\u00fc\u00fc.<\/span><br style=\", sans-serif;font-size: 15.6px\" \/><br \/>\n<span style=\", sans-serif;font-size: 15.6px\">See eksootiline v\u00fcrts on v\u00e4ga populaarne ka Aafrika toiduvalmistamisel ja nagu kuubiku pipar, on see kuulsa P\u00f5hja-Aafrika v\u00fcrtsisegu &#8220;ras el hanout&#8221; p\u00f5hikomponent.<br \/>\nKoostisained: Bengali pipar&nbsp;<br \/>\nTeised pika pipra nimed on:&nbsp;<\/span><span style=\", sans-serif;font-size: 15.6px\"><em>Piper longum, India pikk pipar, Jaborani pipar, Begal pipar, Bali pipar v\u00f5i poivre pikk.<\/em><\/p>\n<p>\n<strong>Storage: <\/strong>Store in a dry, cool, dark and airtight place.<\/p>\n<p>Country of origin: Germany<\/span><\/p>","protected":false},"excerpt":{"rendered":"<p>Pikal pipral on v\u00fcrtsikas, soe maitse ja magusus.<\/p>","protected":false},"featured_media":1557,"template":"","meta":[],"product_brand":[],"product_cat":[338],"product_tag":[],"class_list":{"0":"post-1528","1":"product","2":"type-product","3":"status-publish","4":"has-post-thumbnail","6":"product_cat-puhtad-maitsed","8":"first","9":"outofstock","10":"taxable","11":"shipping-taxable","12":"purchasable","13":"product-type-simple"},"_links":{"self":[{"href":"https:\/\/pipraveski.ee\/en\/wp-json\/wp\/v2\/product\/1528","targetHints":{"allow":["GET"]}}],"collection":[{"href":"https:\/\/pipraveski.ee\/en\/wp-json\/wp\/v2\/product"}],"about":[{"href":"https:\/\/pipraveski.ee\/en\/wp-json\/wp\/v2\/types\/product"}],"wp:featuredmedia":[{"embeddable":true,"href":"https:\/\/pipraveski.ee\/en\/wp-json\/wp\/v2\/media\/1557"}],"wp:attachment":[{"href":"https:\/\/pipraveski.ee\/en\/wp-json\/wp\/v2\/media?parent=1528"}],"wp:term":[{"taxonomy":"product_brand","embeddable":true,"href":"https:\/\/pipraveski.ee\/en\/wp-json\/wp\/v2\/product_brand?post=1528"},{"taxonomy":"product_cat","embeddable":true,"href":"https:\/\/pipraveski.ee\/en\/wp-json\/wp\/v2\/product_cat?post=1528"},{"taxonomy":"product_tag","embeddable":true,"href":"https:\/\/pipraveski.ee\/en\/wp-json\/wp\/v2\/product_tag?post=1528"}],"curies":[{"name":"wp","href":"https:\/\/api.w.org\/{rel}","templated":true}]}}