{"id":1526,"date":"2025-10-22T19:06:31","date_gmt":"2025-10-22T16:06:31","guid":{"rendered":"https:\/\/pipraveski.ee\/?post_type=product&#038;p=1526"},"modified":"2026-04-17T11:32:43","modified_gmt":"2026-04-17T08:32:43","slug":"furikake-nori-50g","status":"publish","type":"product","link":"https:\/\/pipraveski.ee\/en\/product\/furikake-nori-50g\/","title":{"rendered":"Furikake, Nori, 50g"},"content":{"rendered":"<p>Furikake is a Japanese-style topping for pasta, pizza, salad, soup, vegetables, popcorn, etc.<br \/>\n<strong>Ingredients:&nbsp;<\/strong>Ingredients: white sesame seeds, kelp 20%.<br \/>\nMay contain wheat residues.<br \/>\nCountry of origin: China<br \/>\nPainter: Pipraveski O\u00dc Liivalaia 43 Tallinn www.pipraveski.ee<\/p>","protected":false},"excerpt":{"rendered":"<p>Furikake on Jaapanip\u00e4rane lisaaine&nbsp;pastale, pitsale, salatile, supile, k\u00f6\u00f6giviljadele, popkornile jmt. Koostisosad:&nbsp;Koostisosad: valged seesamiseemned, r\u00f6sititud mereveitikas 20%. V\u00f5ib sisaldada nisuj\u00e4\u00e4ke. P\u00e4ritolumaa: Hiina Maaletooja: Pipraveski O\u00dc Liivalaia 43 Tallinn&nbsp; &nbsp;www.pipraveski.ee<\/p>","protected":false},"featured_media":3702,"template":"","meta":[],"product_brand":[],"product_cat":[307],"product_tag":[],"class_list":{"0":"post-1526","1":"product","2":"type-product","3":"status-publish","4":"has-post-thumbnail","6":"product_cat-maitseainesegud","8":"first","9":"outofstock","10":"taxable","11":"shipping-taxable","12":"purchasable","13":"product-type-simple"},"_links":{"self":[{"href":"https:\/\/pipraveski.ee\/en\/wp-json\/wp\/v2\/product\/1526","targetHints":{"allow":["GET"]}}],"collection":[{"href":"https:\/\/pipraveski.ee\/en\/wp-json\/wp\/v2\/product"}],"about":[{"href":"https:\/\/pipraveski.ee\/en\/wp-json\/wp\/v2\/types\/product"}],"wp:featuredmedia":[{"embeddable":true,"href":"https:\/\/pipraveski.ee\/en\/wp-json\/wp\/v2\/media\/3702"}],"wp:attachment":[{"href":"https:\/\/pipraveski.ee\/en\/wp-json\/wp\/v2\/media?parent=1526"}],"wp:term":[{"taxonomy":"product_brand","embeddable":true,"href":"https:\/\/pipraveski.ee\/en\/wp-json\/wp\/v2\/product_brand?post=1526"},{"taxonomy":"product_cat","embeddable":true,"href":"https:\/\/pipraveski.ee\/en\/wp-json\/wp\/v2\/product_cat?post=1526"},{"taxonomy":"product_tag","embeddable":true,"href":"https:\/\/pipraveski.ee\/en\/wp-json\/wp\/v2\/product_tag?post=1526"}],"curies":[{"name":"wp","href":"https:\/\/api.w.org\/{rel}","templated":true}]}}