{"id":1518,"date":"2025-10-22T19:06:31","date_gmt":"2025-10-22T16:06:31","guid":{"rendered":"https:\/\/pipraveski.ee\/?post_type=product&#038;p=1518"},"modified":"2026-04-17T11:32:35","modified_gmt":"2026-04-17T08:32:35","slug":"tsilliseemned-bhut-jolokia-red-10tk","status":"publish","type":"product","link":"https:\/\/pipraveski.ee\/en\/product\/tsilliseemned-bhut-jolokia-red-10tk\/","title":{"rendered":"Chilli seeds, Bhut Jolokia Red, 10pcs"},"content":{"rendered":"<p>Enne kui uuemad, tulisemad kultivarid hakkasid peaaegu igal aastal \u00fcksteist kuumima t\u0161illi rekordi nimel proovile panema, oli bhut jolokia (bih jolokia) edetabeli tipus suhteliselt pikka aega (2007-2011). Taim p\u00e4rineb algselt Indiast Assami piirkonnast ja on kahe liigi Capsicum chinense ja Capsicum frutescens looduslikult arenenud h\u00fcbriid. Internetis kasutatakse bhut jolokia pipra kirjeldamiseks palju erinevaid nimesid, sealhulgas bih jolokia, naga jolokia, naga morich, rajan mircha, kuid sisuliselt viitavad need k\u00f5ik samale liigile, seda nimetatakse lihtsalt veidi erineva nimega erinevas keeles. Seda kasvatati ja kasutati Kirde-Indias aastaid, enne kui see kuulsaks sai.<br \/>\n2005. aastal andsid T\u0161iili piprainstituudi uuringud tulemuseks kuumuse taseme 1 001 304 SHU, muutes bhut jolokia esimeseks t\u0161illipipraks, mis \u00fcletas maagilise miljoni piiri.<\/p>\n<p>Piklikud bhut jolokia t\u0161illipiprad valmivad rohelisest-oran\u017eist erkpunaseks, neil on kare, ebatasane pind ja puuviljane aromaatne maitse. Kasvamisel vajavad nad palju soojust, samal ajal on pipardel v\u00e4ga pikk k\u00fcpsemisaeg, mis t\u00e4hendab, et seemnete istutamise ja viljade koristamise vahel v\u00f5ib m\u00f6\u00f6duda umbes 160 p\u00e4eva.<\/p>\n<p>Kasvatamine:&nbsp;Idanemistemperatuur on vahemikus 22\u00b0C kuni 28\u00b0C (idanemisperiood: 8-21 p\u00e4eva); seet\u00f5ttu on soovitatav kasutada kasvuhoonet ja k\u00fcttematti. Taimed vajavad v\u00e4rsket, h\u00e4sti v\u00e4etatud, vett l\u00e4bilaskvat mulda ega talu vettimist. Need tuleks istutada p\u00e4ikesepaistelisse, kaitstud kohta, kus on v\u00e4hemalt 6 tundi p\u00e4ikesevalgust \u2013 soovitavalt rohkem. Pane taimed \u00f5ue u. 2\u20133 n\u00e4dalat p\u00e4rast viimast k\u00fclma. Kuna taimedel on eriti pikk laagerdumisaeg, on soovitatav neid kasvatada potis, et saaksite taime h\u00f5lpsalt sisse tuua, kui temperatuur langeb p\u00e4eval alla 12\u00b0C, v\u00f5imaldades k\u00f5igil viljadel valmida. Taime \u00fcletalve s\u00e4ilitamiseks l\u00f5igake see p\u00e4rast koristamist 20 cm v\u00f5rra tagasi ja asetage valgusk\u00fcllasesse kohta, kus on v\u00e4hemalt 15 \u00b0C.<\/p>","protected":false},"excerpt":{"rendered":"<p>Enne kui uuemad, tulisemad kultivarid hakkasid peaaegu igal aastal \u00fcksteist kuumima t\u0161illi rekordi nimel proovile panema, oli bhut jolokia (bih jolokia) edetabeli tipus suhteliselt pikka aega (2007-2011). Taim p\u00e4rineb algselt Indiast Assami piirkonnast ja on kahe liigi Capsicum chinense ja Capsicum frutescens looduslikult arenenud h\u00fcbriid. Internetis kasutatakse bhut jolokia pipra kirjeldamiseks palju erinevaid nimesid, sealhulgas bih jolokia, naga jolokia, naga morich, rajan mircha, kuid sisuliselt viitavad need k\u00f5ik samale liigile, seda nimetatakse lihtsalt veidi erineva nimega erinevas keeles. Seda kasvatati ja kasutati Kirde-Indias aastaid, enne kui see kuulsaks sai.<br \/>\n2005. aastal andsid T\u0161iili piprainstituudi uuringud tulemuseks kuumuse taseme 1 001 304 SHU, muutes bhut jolokia esimeseks t\u0161illipipraks, mis \u00fcletas maagilise miljoni piiri.<\/p>","protected":false},"featured_media":1547,"template":"","meta":[],"product_brand":[],"product_cat":[329],"product_tag":[],"class_list":{"0":"post-1518","1":"product","2":"type-product","3":"status-publish","4":"has-post-thumbnail","6":"product_cat-tsillikasvatus","8":"first","9":"instock","10":"taxable","11":"shipping-taxable","12":"purchasable","13":"product-type-simple"},"_links":{"self":[{"href":"https:\/\/pipraveski.ee\/en\/wp-json\/wp\/v2\/product\/1518","targetHints":{"allow":["GET"]}}],"collection":[{"href":"https:\/\/pipraveski.ee\/en\/wp-json\/wp\/v2\/product"}],"about":[{"href":"https:\/\/pipraveski.ee\/en\/wp-json\/wp\/v2\/types\/product"}],"wp:featuredmedia":[{"embeddable":true,"href":"https:\/\/pipraveski.ee\/en\/wp-json\/wp\/v2\/media\/1547"}],"wp:attachment":[{"href":"https:\/\/pipraveski.ee\/en\/wp-json\/wp\/v2\/media?parent=1518"}],"wp:term":[{"taxonomy":"product_brand","embeddable":true,"href":"https:\/\/pipraveski.ee\/en\/wp-json\/wp\/v2\/product_brand?post=1518"},{"taxonomy":"product_cat","embeddable":true,"href":"https:\/\/pipraveski.ee\/en\/wp-json\/wp\/v2\/product_cat?post=1518"},{"taxonomy":"product_tag","embeddable":true,"href":"https:\/\/pipraveski.ee\/en\/wp-json\/wp\/v2\/product_tag?post=1518"}],"curies":[{"name":"wp","href":"https:\/\/api.w.org\/{rel}","templated":true}]}}