{"id":1512,"date":"2025-10-22T19:06:30","date_gmt":"2025-10-22T16:06:30","guid":{"rendered":"https:\/\/pipraveski.ee\/?post_type=product&#038;p=1512"},"modified":"2026-04-17T11:31:42","modified_gmt":"2026-04-17T08:31:42","slug":"marie-sharps-original-garlic-habanero-pepper-sauce-148ml","status":"publish","type":"product","link":"https:\/\/pipraveski.ee\/en\/product\/marie-sharps-original-garlic-habanero-pepper-sauce-148ml\/","title":{"rendered":"Marie Sharp`s Original Garlic Habanero Pepper Sauce, 148ml"},"content":{"rendered":"<p>See kaste on valmistatud spetsiaalselt armastusega neile, kes ihkavad tasakaalu kuumuse ja maitse vahel.<\/p>\n<p>Koostisosad:&nbsp;Porgand, vesi, sibul, \u00e4\u00e4dikas, habanero t\u0161illi, k\u00fc\u00fcslauk (2,8%), sool, laimimahl<\/p>\n<p><span style=\"font-size: 13px\">Nutrition information per 100 g<\/span><br style=\"font-size: 13px\" \/><br \/>\n<span style=\"font-size: 13px\">Energiasisaldus 105 kj\/ 25kcal<\/span><br style=\"font-size: 13px\" \/><br \/>\n<span style=\"font-size: 13px\">Rasvad 0,2 g<\/span><br style=\"font-size: 13px\" \/><br \/>\n<span style=\"font-size: 13px\">of which saturated fatty acids 0,0g<\/span><br style=\"font-size: 13px\" \/><br \/>\n<span style=\"font-size: 13px\">S\u00fcsivesikud 4,3g<\/span><br style=\"font-size: 13px\" \/><br \/>\n<span style=\"font-size: 13px\">of which sugars 3,1g<\/span><br style=\"font-size: 13px\" \/><br \/>\n<span style=\"font-size: 13px\">Valgud 0,8 g<\/span><br style=\"font-size: 13px\" \/><br \/>\n<span style=\"font-size: 13px\">Sool 2,4g<\/p>\n<p>Country of origin: Belize<\/span><\/p>","protected":false},"excerpt":{"rendered":"<p>Marie Sharp`s on taas loonud ainulaadse porgandip\u00f5hise Habanero Pepper kastme, millele on seekord lisatud naturaalset k\u00fc\u00fcslauku. <\/p>","protected":false},"featured_media":1541,"template":"","meta":[],"product_brand":[],"product_cat":[317],"product_tag":[],"class_list":{"0":"post-1512","1":"product","2":"type-product","3":"status-publish","4":"has-post-thumbnail","6":"product_cat-kastmed-sinepid-tsatnid","8":"first","9":"outofstock","10":"taxable","11":"shipping-taxable","12":"purchasable","13":"product-type-simple"},"_links":{"self":[{"href":"https:\/\/pipraveski.ee\/en\/wp-json\/wp\/v2\/product\/1512","targetHints":{"allow":["GET"]}}],"collection":[{"href":"https:\/\/pipraveski.ee\/en\/wp-json\/wp\/v2\/product"}],"about":[{"href":"https:\/\/pipraveski.ee\/en\/wp-json\/wp\/v2\/types\/product"}],"wp:featuredmedia":[{"embeddable":true,"href":"https:\/\/pipraveski.ee\/en\/wp-json\/wp\/v2\/media\/1541"}],"wp:attachment":[{"href":"https:\/\/pipraveski.ee\/en\/wp-json\/wp\/v2\/media?parent=1512"}],"wp:term":[{"taxonomy":"product_brand","embeddable":true,"href":"https:\/\/pipraveski.ee\/en\/wp-json\/wp\/v2\/product_brand?post=1512"},{"taxonomy":"product_cat","embeddable":true,"href":"https:\/\/pipraveski.ee\/en\/wp-json\/wp\/v2\/product_cat?post=1512"},{"taxonomy":"product_tag","embeddable":true,"href":"https:\/\/pipraveski.ee\/en\/wp-json\/wp\/v2\/product_tag?post=1512"}],"curies":[{"name":"wp","href":"https:\/\/api.w.org\/{rel}","templated":true}]}}