{"id":1506,"date":"2025-10-22T19:06:30","date_gmt":"2025-10-22T16:06:30","guid":{"rendered":"https:\/\/pipraveski.ee\/?post_type=product&#038;p=1506"},"modified":"2026-04-17T11:33:24","modified_gmt":"2026-04-17T08:33:24","slug":"mundikaste-pasco-280g","status":"publish","type":"product","link":"https:\/\/pipraveski.ee\/en\/product\/mundikaste-pasco-280g\/","title":{"rendered":"Coin box, Pasco, 280g"},"content":{"rendered":"<p>M\u00fcndikaste on sobiv lisand lambalihale ja juurviljadele.<br \/>\nM\u00fcndikastet v\u00f5ib otse purgist tarvitada ning segada ka dipi kastmeks, t\u0161atniks v\u00f5i lisada indiap\u00e4rase raita kastme maitsestamiseks.<\/p>\n<p>Koostisosad: m\u00fcnt (10%), vesi, suhkur, modifitseeritud maisit\u00e4rklis, sool, \u00e4\u00e4dikhape, v\u00e4rvained: E104, E133.<br \/>\nToodetud tehases, mis k\u00e4sitleb p\u00e4hkleid, maap\u00e4hkleid, piima, sinepit, seesamit ja muna.<br \/>\nSuitable for vegetarians.<\/p>\n<p>Nutrition information per 100g:<br \/>\nEnergiasisaldus 139kJ\/33kcal<br \/>\nFats 0,1g<br \/>\nof which saturated fatty acids 0g<br \/>\nS\u00fcsivesikud 7,2g<br \/>\nmillest suhkrud 2,0g<br \/>\nValgud 0,6g<br \/>\nSalt 0,8 g<\/p>","protected":false},"excerpt":{"rendered":"<p>Sobib taimetoitlastele, gluteenivaba, ideaalne lambalihale, juurviljadele.<\/p>","protected":false},"featured_media":1536,"template":"","meta":[],"product_brand":[281],"product_cat":[317],"product_tag":[],"class_list":{"0":"post-1506","1":"product","2":"type-product","3":"status-publish","4":"has-post-thumbnail","6":"product_brand-flying-goose","7":"product_cat-kastmed-sinepid-tsatnid","9":"first","10":"outofstock","11":"taxable","12":"shipping-taxable","13":"purchasable","14":"product-type-simple"},"_links":{"self":[{"href":"https:\/\/pipraveski.ee\/en\/wp-json\/wp\/v2\/product\/1506","targetHints":{"allow":["GET"]}}],"collection":[{"href":"https:\/\/pipraveski.ee\/en\/wp-json\/wp\/v2\/product"}],"about":[{"href":"https:\/\/pipraveski.ee\/en\/wp-json\/wp\/v2\/types\/product"}],"wp:featuredmedia":[{"embeddable":true,"href":"https:\/\/pipraveski.ee\/en\/wp-json\/wp\/v2\/media\/1536"}],"wp:attachment":[{"href":"https:\/\/pipraveski.ee\/en\/wp-json\/wp\/v2\/media?parent=1506"}],"wp:term":[{"taxonomy":"product_brand","embeddable":true,"href":"https:\/\/pipraveski.ee\/en\/wp-json\/wp\/v2\/product_brand?post=1506"},{"taxonomy":"product_cat","embeddable":true,"href":"https:\/\/pipraveski.ee\/en\/wp-json\/wp\/v2\/product_cat?post=1506"},{"taxonomy":"product_tag","embeddable":true,"href":"https:\/\/pipraveski.ee\/en\/wp-json\/wp\/v2\/product_tag?post=1506"}],"curies":[{"name":"wp","href":"https:\/\/api.w.org\/{rel}","templated":true}]}}