{"id":1476,"date":"2025-10-22T19:06:16","date_gmt":"2025-10-22T16:06:16","guid":{"rendered":"https:\/\/pipraveski.ee\/?post_type=product&#038;p=1476"},"modified":"2026-04-17T11:33:06","modified_gmt":"2026-04-17T08:33:06","slug":"puuviljatee-punase-veini-apelsin-kaneeli-noodiga-50g","status":"publish","type":"product","link":"https:\/\/pipraveski.ee\/en\/product\/puuviljatee-punase-veini-apelsin-kaneeli-noodiga-50g\/","title":{"rendered":"Fruit tea with red wine- orange- cinnamon notes, 50g"},"content":{"rendered":"<p>What makes this blend special is the traditional cane sugar heated over a flame, which slowly melts into a delicious caramel.<\/p>\n<p><span style=\"font-size: 13px\">Ingredients: apple chunks, hibiscus blossoms, liquorice berries, rose hip peel, mistletoe, cinnamon sticks, flavouring (celery seed oil, sulphite), orange slices, cloves.<\/span><br \/>\n&nbsp;<br \/>\nKasutusjuhend: 4-5 kuhjaga tl\/1L, 100\u00b0C vee temperatuur, 10-12 minutit t\u00f5mbeaeg.<\/p>","protected":false},"excerpt":{"rendered":"<p>See teesegu on t\u00f5eline maitseplahvatus t\u00e4nu v\u00e4ga ainulaadse sakslasliku versiooni erakordsele maitsekooslusele. <\/p>","protected":false},"featured_media":1505,"template":"","meta":[],"product_brand":[],"product_cat":[327],"product_tag":[],"class_list":{"0":"post-1476","1":"product","2":"type-product","3":"status-publish","4":"has-post-thumbnail","6":"product_cat-kohv-tee","8":"first","9":"outofstock","10":"taxable","11":"shipping-taxable","12":"purchasable","13":"product-type-simple"},"_links":{"self":[{"href":"https:\/\/pipraveski.ee\/en\/wp-json\/wp\/v2\/product\/1476","targetHints":{"allow":["GET"]}}],"collection":[{"href":"https:\/\/pipraveski.ee\/en\/wp-json\/wp\/v2\/product"}],"about":[{"href":"https:\/\/pipraveski.ee\/en\/wp-json\/wp\/v2\/types\/product"}],"wp:featuredmedia":[{"embeddable":true,"href":"https:\/\/pipraveski.ee\/en\/wp-json\/wp\/v2\/media\/1505"}],"wp:attachment":[{"href":"https:\/\/pipraveski.ee\/en\/wp-json\/wp\/v2\/media?parent=1476"}],"wp:term":[{"taxonomy":"product_brand","embeddable":true,"href":"https:\/\/pipraveski.ee\/en\/wp-json\/wp\/v2\/product_brand?post=1476"},{"taxonomy":"product_cat","embeddable":true,"href":"https:\/\/pipraveski.ee\/en\/wp-json\/wp\/v2\/product_cat?post=1476"},{"taxonomy":"product_tag","embeddable":true,"href":"https:\/\/pipraveski.ee\/en\/wp-json\/wp\/v2\/product_tag?post=1476"}],"curies":[{"name":"wp","href":"https:\/\/api.w.org\/{rel}","templated":true}]}}