{"id":1471,"date":"2025-10-22T19:06:16","date_gmt":"2025-10-22T16:06:16","guid":{"rendered":"https:\/\/pipraveski.ee\/?post_type=product&#038;p=1471"},"modified":"2026-04-17T11:31:47","modified_gmt":"2026-04-17T08:31:47","slug":"tee-premium-matcha-kawane-30g-tin","status":"publish","type":"product","link":"https:\/\/pipraveski.ee\/en\/product\/tee-premium-matcha-kawane-30g-tin\/","title":{"rendered":"Tea, Premium Matcha Kawane, 30g tin"},"content":{"rendered":"<p>Jaapani t\u00e4htsaimas kasvatuspiirkonnas Shizuokas asuv Kawane teepiirkond on koht, kus kevadel toodetakse parimat Tenchat, mis p\u00f5hineb Yabukita ja Okumidori sortidel. P\u00e4rast kolmen\u00e4dalast varjus hoidmist korjatakse lehed, aurutatakse neid l\u00fchidalt, sorteeritakse ja seej\u00e4rel kuivatatakse. Erinevalt n\u00e4iteks Senchast v\u00f5i Gyokurost ei rullita Tenchat, et jahvatamise ajal s\u00e4iliks v\u00f5imalikult palju selle sisu. Tulemuse leiate h\u00f5lpsalt tassist, mis annab lahti imelise t\u00e4idlase maitse kergelt \u00fcrdiliste nootidega, kuid ilma kibeduseta; pulber on erkroheline.<\/p>\n<p>Koostisained:&nbsp;matcha pulber*, *mahep\u00f5llumajanduslikult kasvatatud<\/p>\n<p>1-2 minutit t\u00f5mbeaeg&nbsp;<br \/>\n70\u00b0 &#8211; 80 \u00b0C vee temperatuur<br \/>\n2 g \/ 200 ml<\/p>","protected":false},"excerpt":{"rendered":"<p>Orgaaniline Jaapani Premium Matcha Kawane.<\/p>","protected":false},"featured_media":1501,"template":"","meta":[],"product_brand":[],"product_cat":[327],"product_tag":[],"class_list":{"0":"post-1471","1":"product","2":"type-product","3":"status-publish","4":"has-post-thumbnail","6":"product_cat-kohv-tee","8":"first","9":"outofstock","10":"taxable","11":"shipping-taxable","12":"purchasable","13":"product-type-simple"},"_links":{"self":[{"href":"https:\/\/pipraveski.ee\/en\/wp-json\/wp\/v2\/product\/1471","targetHints":{"allow":["GET"]}}],"collection":[{"href":"https:\/\/pipraveski.ee\/en\/wp-json\/wp\/v2\/product"}],"about":[{"href":"https:\/\/pipraveski.ee\/en\/wp-json\/wp\/v2\/types\/product"}],"wp:featuredmedia":[{"embeddable":true,"href":"https:\/\/pipraveski.ee\/en\/wp-json\/wp\/v2\/media\/1501"}],"wp:attachment":[{"href":"https:\/\/pipraveski.ee\/en\/wp-json\/wp\/v2\/media?parent=1471"}],"wp:term":[{"taxonomy":"product_brand","embeddable":true,"href":"https:\/\/pipraveski.ee\/en\/wp-json\/wp\/v2\/product_brand?post=1471"},{"taxonomy":"product_cat","embeddable":true,"href":"https:\/\/pipraveski.ee\/en\/wp-json\/wp\/v2\/product_cat?post=1471"},{"taxonomy":"product_tag","embeddable":true,"href":"https:\/\/pipraveski.ee\/en\/wp-json\/wp\/v2\/product_tag?post=1471"}],"curies":[{"name":"wp","href":"https:\/\/api.w.org\/{rel}","templated":true}]}}