{"id":1469,"date":"2025-10-22T19:06:16","date_gmt":"2025-10-22T16:06:16","guid":{"rendered":"https:\/\/pipraveski.ee\/?post_type=product&#038;p=1469"},"modified":"2026-04-17T11:32:18","modified_gmt":"2026-04-17T08:32:18","slug":"musta-truhvlioli-100ml","status":"publish","type":"product","link":"https:\/\/pipraveski.ee\/en\/product\/musta-truhvlioli-100ml\/","title":{"rendered":"Musta tr\u00fchvli \u00f5li, 100ml"},"content":{"rendered":"<p>Sabatino Tartufi v\u00f5ib vaadata tagasi enam kui 100-aastasele ajaloole kui kodu- ja v\u00e4lismaiste tippkokkade valitud tr\u00fchvlitarnijale. Umbria piirkonnas Montecastrillis, keskenduti klientidele \u00fcle kogu maailma v\u00e4rskeimate tr\u00fchvlite ja tr\u00fchvlitoodete pakkumisel.<br \/>\nV\u00e4rsked tr\u00fchvlid on k\u00f5rgelt hinnatud nende maal\u00e4hedase, p\u00e4hklise maitse ja aroomi poolest. Tr\u00fchvlid n\u00e4itavad oma t\u00e4ielikku potentsiaali, eriti kui neid kombineerida pasta, riisi v\u00f5i kalaga. Valge tr\u00fchvel harmoneerub teie loominguga k\u00f5ige paremini, kui viilutate selle k\u00f5ige l\u00f5pus roa peale toorelt. Musti tr\u00fchvleid v\u00f5ib nautida ka toorelt v\u00f5i kuni 50 \u00b0C k\u00fcpsetatult.&nbsp;<\/p>\n<p>\nKoostisosad: oliivi\u00f5li, tr\u00fchvli maitseaine.<\/p>\n<p>Nutrition information per 100 g:<br \/>\nEnergiasisaldus 3451kJ\/825kcal<br \/>\nRasv 91,7 g<br \/>\nmillest k\u00fcllastunud rasvhappeid 13,56g<br \/>\nS\u00fcsivesikud 0 g<br \/>\nof which sugars 0g<br \/>\nKiudaineid 0 g<br \/>\nProtein 0 g<br \/>\nSool 0 g.<\/p>\n<p>P\u00e4ritolumaa: Itaalia.<\/p>","protected":false},"excerpt":{"rendered":"<p>Sabatino Tartufi v\u00f5ib vaadata tagasi enam kui 100-aastasele ajaloole kui kodu- ja v\u00e4lismaiste tippkokkade valitud tr\u00fchvlitarnijale. Umbria piirkonnas Montecastrillis, keskenduti klientidele \u00fcle kogu maailma v\u00e4rskeimate tr\u00fchvlite ja tr\u00fchvlitoodete pakkumisel. V\u00e4rsked tr\u00fchvlid on k\u00f5rgelt hinnatud nende maal\u00e4hedase, p\u00e4hklise maitse ja aroomi poolest. Tr\u00fchvlid n\u00e4itavad oma t\u00e4ielikku potentsiaali, eriti kui neid kombineerida pasta, riisi v\u00f5i kalaga. Valge [&hellip;]<\/p>\n","protected":false},"featured_media":1499,"template":"","meta":[],"product_brand":[],"product_cat":[315],"product_tag":[],"class_list":{"0":"post-1469","1":"product","2":"type-product","3":"status-publish","4":"has-post-thumbnail","6":"product_cat-olid-rasvad","8":"first","9":"instock","10":"taxable","11":"shipping-taxable","12":"purchasable","13":"product-type-simple"},"_links":{"self":[{"href":"https:\/\/pipraveski.ee\/en\/wp-json\/wp\/v2\/product\/1469","targetHints":{"allow":["GET"]}}],"collection":[{"href":"https:\/\/pipraveski.ee\/en\/wp-json\/wp\/v2\/product"}],"about":[{"href":"https:\/\/pipraveski.ee\/en\/wp-json\/wp\/v2\/types\/product"}],"wp:featuredmedia":[{"embeddable":true,"href":"https:\/\/pipraveski.ee\/en\/wp-json\/wp\/v2\/media\/1499"}],"wp:attachment":[{"href":"https:\/\/pipraveski.ee\/en\/wp-json\/wp\/v2\/media?parent=1469"}],"wp:term":[{"taxonomy":"product_brand","embeddable":true,"href":"https:\/\/pipraveski.ee\/en\/wp-json\/wp\/v2\/product_brand?post=1469"},{"taxonomy":"product_cat","embeddable":true,"href":"https:\/\/pipraveski.ee\/en\/wp-json\/wp\/v2\/product_cat?post=1469"},{"taxonomy":"product_tag","embeddable":true,"href":"https:\/\/pipraveski.ee\/en\/wp-json\/wp\/v2\/product_tag?post=1469"}],"curies":[{"name":"wp","href":"https:\/\/api.w.org\/{rel}","templated":true}]}}